{"id":75873,"date":"2026-03-17T17:05:22","date_gmt":"2026-03-17T16:05:22","guid":{"rendered":"https:\/\/arcusin.isocialdev.com\/?post_type=product&#038;p=75873"},"modified":"2026-03-18T22:50:37","modified_gmt":"2026-03-18T21:50:37","slug":"casquette-arcusin-snapback-grise","status":"publish","type":"product","link":"https:\/\/arcusin.isocialdev.com\/fr\/product\/casquette-arcusin-snapback-grise\/","title":{"rendered":"CASQUETTE ARCUSIN SNAPBACK GRISE"},"content":{"rendered":"","protected":false},"excerpt":{"rendered":"<p>Casquette snapback originale inspir\u00e9e des couvre-chefs am\u00e9ricains classiques. Construction \u00e0 six panneaux\u00a0: panneaux avant structur\u00e9s, dos en maille et logo ARCUSIN brod\u00e9.<\/p>\n","protected":false},"featured_media":75045,"comment_status":"closed","ping_status":"closed","template":"","meta":{"content-type":""},"product_brand":[],"product_cat":[580],"product_tag":[],"class_list":{"0":"post-75873","1":"product","2":"type-product","3":"status-publish","4":"has-post-thumbnail","6":"product_cat-produits-derives","8":"first","9":"outofstock","10":"taxable","11":"shipping-taxable","12":"purchasable","13":"product-type-simple"},"_links":{"self":[{"href":"https:\/\/arcusin.isocialdev.com\/fr\/wp-json\/wp\/v2\/product\/75873","targetHints":{"allow":["GET"]}}],"collection":[{"href":"https:\/\/arcusin.isocialdev.com\/fr\/wp-json\/wp\/v2\/product"}],"about":[{"href":"https:\/\/arcusin.isocialdev.com\/fr\/wp-json\/wp\/v2\/types\/product"}],"replies":[{"embeddable":true,"href":"https:\/\/arcusin.isocialdev.com\/fr\/wp-json\/wp\/v2\/comments?post=75873"}],"version-history":[{"count":0,"href":"https:\/\/arcusin.isocialdev.com\/fr\/wp-json\/wp\/v2\/product\/75873\/revisions"}],"wp:featuredmedia":[{"embeddable":true,"href":"https:\/\/arcusin.isocialdev.com\/fr\/wp-json\/wp\/v2\/media\/75045"}],"wp:attachment":[{"href":"https:\/\/arcusin.isocialdev.com\/fr\/wp-json\/wp\/v2\/media?parent=75873"}],"wp:term":[{"taxonomy":"product_brand","embeddable":true,"href":"https:\/\/arcusin.isocialdev.com\/fr\/wp-json\/wp\/v2\/product_brand?post=75873"},{"taxonomy":"product_cat","embeddable":true,"href":"https:\/\/arcusin.isocialdev.com\/fr\/wp-json\/wp\/v2\/product_cat?post=75873"},{"taxonomy":"product_tag","embeddable":true,"href":"https:\/\/arcusin.isocialdev.com\/fr\/wp-json\/wp\/v2\/product_tag?post=75873"}],"curies":[{"name":"wp","href":"https:\/\/api.w.org\/{rel}","templated":true}]}}