{"id":75872,"date":"2026-03-17T17:05:23","date_gmt":"2026-03-17T16:05:23","guid":{"rendered":"https:\/\/arcusin.isocialdev.com\/?post_type=product&#038;p=75872"},"modified":"2026-03-18T22:50:36","modified_gmt":"2026-03-18T21:50:36","slug":"t-shirt-rouge-unisexe-avec-logo-arcusin","status":"publish","type":"product","link":"https:\/\/arcusin.isocialdev.com\/fr\/product\/t-shirt-rouge-unisexe-avec-logo-arcusin\/","title":{"rendered":"T-shirt rouge unisexe avec logo Arcusin"},"content":{"rendered":"","protected":false},"excerpt":{"rendered":"<p>T-shirt unisexe en coton \u00e0 la coupe d\u00e9contract\u00e9e, orn\u00e9 du logo ARCUSIN imprim\u00e9 \u00e0 l&rsquo;avant et \u00e0 l&rsquo;arri\u00e8re.<\/p>\n","protected":false},"featured_media":75046,"comment_status":"closed","ping_status":"closed","template":"","meta":{"content-type":""},"product_brand":[],"product_cat":[580],"product_tag":[],"class_list":{"0":"post-75872","1":"product","2":"type-product","3":"status-publish","4":"has-post-thumbnail","6":"product_cat-produits-derives","8":"first","9":"outofstock","10":"taxable","11":"shipping-taxable","12":"purchasable","13":"product-type-simple"},"_links":{"self":[{"href":"https:\/\/arcusin.isocialdev.com\/fr\/wp-json\/wp\/v2\/product\/75872","targetHints":{"allow":["GET"]}}],"collection":[{"href":"https:\/\/arcusin.isocialdev.com\/fr\/wp-json\/wp\/v2\/product"}],"about":[{"href":"https:\/\/arcusin.isocialdev.com\/fr\/wp-json\/wp\/v2\/types\/product"}],"replies":[{"embeddable":true,"href":"https:\/\/arcusin.isocialdev.com\/fr\/wp-json\/wp\/v2\/comments?post=75872"}],"version-history":[{"count":0,"href":"https:\/\/arcusin.isocialdev.com\/fr\/wp-json\/wp\/v2\/product\/75872\/revisions"}],"wp:featuredmedia":[{"embeddable":true,"href":"https:\/\/arcusin.isocialdev.com\/fr\/wp-json\/wp\/v2\/media\/75046"}],"wp:attachment":[{"href":"https:\/\/arcusin.isocialdev.com\/fr\/wp-json\/wp\/v2\/media?parent=75872"}],"wp:term":[{"taxonomy":"product_brand","embeddable":true,"href":"https:\/\/arcusin.isocialdev.com\/fr\/wp-json\/wp\/v2\/product_brand?post=75872"},{"taxonomy":"product_cat","embeddable":true,"href":"https:\/\/arcusin.isocialdev.com\/fr\/wp-json\/wp\/v2\/product_cat?post=75872"},{"taxonomy":"product_tag","embeddable":true,"href":"https:\/\/arcusin.isocialdev.com\/fr\/wp-json\/wp\/v2\/product_tag?post=75872"}],"curies":[{"name":"wp","href":"https:\/\/api.w.org\/{rel}","templated":true}]}}