{"id":75870,"date":"2026-03-17T17:05:25","date_gmt":"2026-03-17T16:05:25","guid":{"rendered":"https:\/\/arcusin.isocialdev.com\/?post_type=product&#038;p=75870"},"modified":"2026-03-18T22:50:33","modified_gmt":"2026-03-18T21:50:33","slug":"veste-en-jean-vintage-arcusin-unisexe","status":"publish","type":"product","link":"https:\/\/arcusin.isocialdev.com\/fr\/product\/veste-en-jean-vintage-arcusin-unisexe\/","title":{"rendered":"VESTE EN JEAN VINTAGE ARCUSIN UNISEXE"},"content":{"rendered":"","protected":false},"excerpt":{"rendered":"<p>Veste en jean vintage en \u00e9dition limit\u00e9e, orn\u00e9e d&rsquo;\u00e9cussons brod\u00e9s \u00e0 la main reprenant les logos embl\u00e9matiques des machines ARCUSIN\u00a0: Autostack, Forstack et Multipack.<\/p>\n","protected":false},"featured_media":75049,"comment_status":"closed","ping_status":"closed","template":"","meta":{"content-type":""},"product_brand":[],"product_cat":[580],"product_tag":[],"class_list":{"0":"post-75870","1":"product","2":"type-product","3":"status-publish","4":"has-post-thumbnail","6":"product_cat-produits-derives","8":"first","9":"outofstock","10":"taxable","11":"shipping-taxable","12":"purchasable","13":"product-type-simple"},"_links":{"self":[{"href":"https:\/\/arcusin.isocialdev.com\/fr\/wp-json\/wp\/v2\/product\/75870","targetHints":{"allow":["GET"]}}],"collection":[{"href":"https:\/\/arcusin.isocialdev.com\/fr\/wp-json\/wp\/v2\/product"}],"about":[{"href":"https:\/\/arcusin.isocialdev.com\/fr\/wp-json\/wp\/v2\/types\/product"}],"replies":[{"embeddable":true,"href":"https:\/\/arcusin.isocialdev.com\/fr\/wp-json\/wp\/v2\/comments?post=75870"}],"version-history":[{"count":0,"href":"https:\/\/arcusin.isocialdev.com\/fr\/wp-json\/wp\/v2\/product\/75870\/revisions"}],"wp:featuredmedia":[{"embeddable":true,"href":"https:\/\/arcusin.isocialdev.com\/fr\/wp-json\/wp\/v2\/media\/75049"}],"wp:attachment":[{"href":"https:\/\/arcusin.isocialdev.com\/fr\/wp-json\/wp\/v2\/media?parent=75870"}],"wp:term":[{"taxonomy":"product_brand","embeddable":true,"href":"https:\/\/arcusin.isocialdev.com\/fr\/wp-json\/wp\/v2\/product_brand?post=75870"},{"taxonomy":"product_cat","embeddable":true,"href":"https:\/\/arcusin.isocialdev.com\/fr\/wp-json\/wp\/v2\/product_cat?post=75870"},{"taxonomy":"product_tag","embeddable":true,"href":"https:\/\/arcusin.isocialdev.com\/fr\/wp-json\/wp\/v2\/product_tag?post=75870"}],"curies":[{"name":"wp","href":"https:\/\/api.w.org\/{rel}","templated":true}]}}