{"id":75868,"date":"2026-03-17T17:05:28","date_gmt":"2026-03-17T16:05:28","guid":{"rendered":"https:\/\/arcusin.isocialdev.com\/?post_type=product&#038;p=75868"},"modified":"2026-03-18T22:50:30","modified_gmt":"2026-03-18T21:50:30","slug":"arcusin-sous-nuque-imprime-abstrait","status":"publish","type":"product","link":"https:\/\/arcusin.isocialdev.com\/fr\/product\/arcusin-sous-nuque-imprime-abstrait\/","title":{"rendered":"ARCUSIN SOUS-NUQUE IMPRIM\u00c9 ABSTRAIT"},"content":{"rendered":"","protected":false},"excerpt":{"rendered":"<p>Cache-cou en \u00e9dition limit\u00e9e, fabriqu\u00e9 \u00e0 Barcelone, compos\u00e9 \u00e0 95 % de coton recycl\u00e9. Confortable, polyvalent et dot\u00e9 d&rsquo;une protection solaire UPF 50.<\/p>\n","protected":false},"featured_media":75054,"comment_status":"closed","ping_status":"closed","template":"","meta":{"content-type":""},"product_brand":[],"product_cat":[580],"product_tag":[],"class_list":{"0":"post-75868","1":"product","2":"type-product","3":"status-publish","4":"has-post-thumbnail","6":"product_cat-produits-derives","8":"first","9":"outofstock","10":"taxable","11":"shipping-taxable","12":"purchasable","13":"product-type-simple"},"_links":{"self":[{"href":"https:\/\/arcusin.isocialdev.com\/fr\/wp-json\/wp\/v2\/product\/75868","targetHints":{"allow":["GET"]}}],"collection":[{"href":"https:\/\/arcusin.isocialdev.com\/fr\/wp-json\/wp\/v2\/product"}],"about":[{"href":"https:\/\/arcusin.isocialdev.com\/fr\/wp-json\/wp\/v2\/types\/product"}],"replies":[{"embeddable":true,"href":"https:\/\/arcusin.isocialdev.com\/fr\/wp-json\/wp\/v2\/comments?post=75868"}],"version-history":[{"count":0,"href":"https:\/\/arcusin.isocialdev.com\/fr\/wp-json\/wp\/v2\/product\/75868\/revisions"}],"wp:featuredmedia":[{"embeddable":true,"href":"https:\/\/arcusin.isocialdev.com\/fr\/wp-json\/wp\/v2\/media\/75054"}],"wp:attachment":[{"href":"https:\/\/arcusin.isocialdev.com\/fr\/wp-json\/wp\/v2\/media?parent=75868"}],"wp:term":[{"taxonomy":"product_brand","embeddable":true,"href":"https:\/\/arcusin.isocialdev.com\/fr\/wp-json\/wp\/v2\/product_brand?post=75868"},{"taxonomy":"product_cat","embeddable":true,"href":"https:\/\/arcusin.isocialdev.com\/fr\/wp-json\/wp\/v2\/product_cat?post=75868"},{"taxonomy":"product_tag","embeddable":true,"href":"https:\/\/arcusin.isocialdev.com\/fr\/wp-json\/wp\/v2\/product_tag?post=75868"}],"curies":[{"name":"wp","href":"https:\/\/api.w.org\/{rel}","templated":true}]}}