{"id":75867,"date":"2026-03-17T17:05:29","date_gmt":"2026-03-17T16:05:29","guid":{"rendered":"https:\/\/arcusin.isocialdev.com\/?post_type=product&#038;p=75867"},"modified":"2026-03-18T22:50:28","modified_gmt":"2026-03-18T21:50:28","slug":"serviette-logo-arcusin","status":"publish","type":"product","link":"https:\/\/arcusin.isocialdev.com\/fr\/product\/serviette-logo-arcusin\/","title":{"rendered":"SERVIETTE LOGO ARCUSIN"},"content":{"rendered":"","protected":false},"excerpt":{"rendered":"<p>Serviette l\u00e9g\u00e8re en microfibre avec logo ARCUSIN imprim\u00e9 en continu, id\u00e9ale pour la piscine et le sport.<\/p>\n","protected":false},"featured_media":75056,"comment_status":"closed","ping_status":"closed","template":"","meta":{"content-type":""},"product_brand":[],"product_cat":[580],"product_tag":[],"class_list":{"0":"post-75867","1":"product","2":"type-product","3":"status-publish","4":"has-post-thumbnail","6":"product_cat-produits-derives","8":"first","9":"outofstock","10":"taxable","11":"shipping-taxable","12":"purchasable","13":"product-type-simple"},"_links":{"self":[{"href":"https:\/\/arcusin.isocialdev.com\/fr\/wp-json\/wp\/v2\/product\/75867","targetHints":{"allow":["GET"]}}],"collection":[{"href":"https:\/\/arcusin.isocialdev.com\/fr\/wp-json\/wp\/v2\/product"}],"about":[{"href":"https:\/\/arcusin.isocialdev.com\/fr\/wp-json\/wp\/v2\/types\/product"}],"replies":[{"embeddable":true,"href":"https:\/\/arcusin.isocialdev.com\/fr\/wp-json\/wp\/v2\/comments?post=75867"}],"version-history":[{"count":0,"href":"https:\/\/arcusin.isocialdev.com\/fr\/wp-json\/wp\/v2\/product\/75867\/revisions"}],"wp:featuredmedia":[{"embeddable":true,"href":"https:\/\/arcusin.isocialdev.com\/fr\/wp-json\/wp\/v2\/media\/75056"}],"wp:attachment":[{"href":"https:\/\/arcusin.isocialdev.com\/fr\/wp-json\/wp\/v2\/media?parent=75867"}],"wp:term":[{"taxonomy":"product_brand","embeddable":true,"href":"https:\/\/arcusin.isocialdev.com\/fr\/wp-json\/wp\/v2\/product_brand?post=75867"},{"taxonomy":"product_cat","embeddable":true,"href":"https:\/\/arcusin.isocialdev.com\/fr\/wp-json\/wp\/v2\/product_cat?post=75867"},{"taxonomy":"product_tag","embeddable":true,"href":"https:\/\/arcusin.isocialdev.com\/fr\/wp-json\/wp\/v2\/product_tag?post=75867"}],"curies":[{"name":"wp","href":"https:\/\/api.w.org\/{rel}","templated":true}]}}