{"id":75865,"date":"2026-03-17T17:05:31","date_gmt":"2026-03-17T16:05:31","guid":{"rendered":"https:\/\/arcusin.isocialdev.com\/?post_type=product&#038;p=75865"},"modified":"2026-03-18T22:50:21","modified_gmt":"2026-03-18T21:50:21","slug":"carnet-arcusin","status":"publish","type":"product","link":"https:\/\/arcusin.isocialdev.com\/fr\/product\/carnet-arcusin\/","title":{"rendered":"CARNET ARCUSIN"},"content":{"rendered":"","protected":false},"excerpt":{"rendered":"<p><span style=\"font-weight: 400;\">\u00a0Carnet \u00e0 spirales avec pages quadrill\u00e9es, con\u00e7u pour un usage quotidien et dot\u00e9 de la marque ARCUSIN.<\/span><\/p>\n","protected":false},"featured_media":75061,"comment_status":"closed","ping_status":"closed","template":"","meta":{"content-type":""},"product_brand":[],"product_cat":[580],"product_tag":[],"class_list":{"0":"post-75865","1":"product","2":"type-product","3":"status-publish","4":"has-post-thumbnail","6":"product_cat-produits-derives","8":"first","9":"outofstock","10":"taxable","11":"shipping-taxable","12":"purchasable","13":"product-type-simple"},"_links":{"self":[{"href":"https:\/\/arcusin.isocialdev.com\/fr\/wp-json\/wp\/v2\/product\/75865","targetHints":{"allow":["GET"]}}],"collection":[{"href":"https:\/\/arcusin.isocialdev.com\/fr\/wp-json\/wp\/v2\/product"}],"about":[{"href":"https:\/\/arcusin.isocialdev.com\/fr\/wp-json\/wp\/v2\/types\/product"}],"replies":[{"embeddable":true,"href":"https:\/\/arcusin.isocialdev.com\/fr\/wp-json\/wp\/v2\/comments?post=75865"}],"version-history":[{"count":0,"href":"https:\/\/arcusin.isocialdev.com\/fr\/wp-json\/wp\/v2\/product\/75865\/revisions"}],"wp:featuredmedia":[{"embeddable":true,"href":"https:\/\/arcusin.isocialdev.com\/fr\/wp-json\/wp\/v2\/media\/75061"}],"wp:attachment":[{"href":"https:\/\/arcusin.isocialdev.com\/fr\/wp-json\/wp\/v2\/media?parent=75865"}],"wp:term":[{"taxonomy":"product_brand","embeddable":true,"href":"https:\/\/arcusin.isocialdev.com\/fr\/wp-json\/wp\/v2\/product_brand?post=75865"},{"taxonomy":"product_cat","embeddable":true,"href":"https:\/\/arcusin.isocialdev.com\/fr\/wp-json\/wp\/v2\/product_cat?post=75865"},{"taxonomy":"product_tag","embeddable":true,"href":"https:\/\/arcusin.isocialdev.com\/fr\/wp-json\/wp\/v2\/product_tag?post=75865"}],"curies":[{"name":"wp","href":"https:\/\/api.w.org\/{rel}","templated":true}]}}