{"id":37355,"date":"2022-12-28T09:02:00","date_gmt":"2022-12-28T08:02:00","guid":{"rendered":"https:\/\/arcusin.isocialdev.com\/avertissement-juridique\/"},"modified":"2026-02-11T09:24:19","modified_gmt":"2026-02-11T08:24:19","slug":"avertissement-juridique","status":"publish","type":"page","link":"https:\/\/arcusin.isocialdev.com\/fr\/avertissement-juridique\/","title":{"rendered":"Avertissement juridique"},"content":{"rendered":"\t\t<div data-elementor-type=\"wp-page\" data-elementor-id=\"37355\" class=\"elementor elementor-37355 elementor-9888\" data-elementor-post-type=\"page\">\n\t\t\t\t\t\t<section class=\"elementor-section elementor-top-section elementor-element elementor-element-02e7d2a elementor-section-boxed elementor-section-height-default elementor-section-height-default wpr-particle-no wpr-jarallax-no wpr-parallax-no wpr-sticky-section-no wpr-equal-height-no\" data-id=\"02e7d2a\" data-element_type=\"section\" data-e-type=\"section\">\n\t\t\t\t\t\t<div class=\"elementor-container elementor-column-gap-default\">\n\t\t\t\t\t<div class=\"elementor-column elementor-col-100 elementor-top-column elementor-element elementor-element-989db49\" data-id=\"989db49\" data-element_type=\"column\" data-e-type=\"column\" data-settings=\"{&quot;background_background&quot;:&quot;classic&quot;}\">\n\t\t\t<div class=\"elementor-widget-wrap elementor-element-populated\">\n\t\t\t\t\t\t<div class=\"elementor-element elementor-element-e5874ae elementor-widget elementor-widget-heading\" data-id=\"e5874ae\" data-element_type=\"widget\" data-e-type=\"widget\" data-widget_type=\"heading.default\">\n\t\t\t\t<div class=\"elementor-widget-container\">\n\t\t\t\t\t<h2 class=\"elementor-heading-title elementor-size-default\">NOTE L\u00c9GALE<\/h2>\t\t\t\t<\/div>\n\t\t\t\t<\/div>\n\t\t\t\t\t<\/div>\n\t\t<\/div>\n\t\t\t\t\t<\/div>\n\t\t<\/section>\n\t\t\t\t<section class=\"elementor-section elementor-top-section elementor-element elementor-element-493f466 elementor-section-boxed elementor-section-height-default elementor-section-height-default wpr-particle-no wpr-jarallax-no wpr-parallax-no wpr-sticky-section-no wpr-equal-height-no\" data-id=\"493f466\" data-element_type=\"section\" data-e-type=\"section\">\n\t\t\t\t\t\t<div class=\"elementor-container elementor-column-gap-default\">\n\t\t\t\t\t<div class=\"elementor-column elementor-col-100 elementor-top-column elementor-element elementor-element-ab94d83\" data-id=\"ab94d83\" data-element_type=\"column\" data-e-type=\"column\">\n\t\t\t<div class=\"elementor-widget-wrap elementor-element-populated\">\n\t\t\t\t\t\t<div class=\"elementor-element elementor-element-2efa934 elementor-widget elementor-widget-heading\" data-id=\"2efa934\" data-element_type=\"widget\" data-e-type=\"widget\" data-widget_type=\"heading.default\">\n\t\t\t\t<div class=\"elementor-widget-container\">\n\t\t\t\t\t<h2 class=\"elementor-heading-title elementor-size-default\">LOI SUR LES SERVICES DE LA SOCI\u00c9T\u00c9 DE L'INFORMATION (LSSI)<\/h2>\t\t\t\t<\/div>\n\t\t\t\t<\/div>\n\t\t\t\t<div class=\"elementor-element elementor-element-09e4488 elementor-widget elementor-widget-text-editor\" data-id=\"09e4488\" data-element_type=\"widget\" data-e-type=\"widget\" data-widget_type=\"text-editor.default\">\n\t\t\t\t<div class=\"elementor-widget-container\">\n\t\t\t\t\t\t\t\t\t<p><b>LOI SUR LES SERVICES DE LA SOCI\u00c9T\u00c9 DE L&rsquo;INFORMATION (LSSI)<\/b><\/p><p>ARCUSIN S.A., responsable du site Web, ci-apr\u00e8s RESPONSABLE, met ce document \u00e0 la disposition des utilisateurs, avec lesquels il entend se conformer aux obligations \u00e9nonc\u00e9es dans la loi 34\/2002, du 11 juillet, sur les services de la soci\u00e9t\u00e9 de l&rsquo;information et du commerce \u00e9lectronique ( LSSICE), BOE n\u00b0 166, ainsi que l&rsquo;information de tous les utilisateurs du site sur les conditions d&rsquo;utilisation.<\/p><p>Toute personne qui acc\u00e8de \u00e0 ce site Web assume le r\u00f4le d&rsquo;utilisateur, s&rsquo;engageant \u00e0 observer et \u00e0 respecter strictement les dispositions \u00e9nonc\u00e9es dans les pr\u00e9sentes, ainsi que toute autre disposition l\u00e9gale applicable.<\/p><p>Condition d&rsquo;utilisation<\/p><p>Quiconque acc\u00e8de au site Web ARCUSIN (utilisateur) le fait sous sa seule responsabilit\u00e9 et en acceptant pleinement les pr\u00e9sentes conditions d&rsquo;utilisation, ainsi que toute autre qui y est mentionn\u00e9e, et s&rsquo;engage \u00e0 faire un usage loyal des services, moyens et informations qui sont mis \u00e0 disposition \u00e0 votre disposition en vous engageant \u00e0 ne mener aucune activit\u00e9 illicite, ill\u00e9gale ou contraire \u00e0 la bonne foi, aux usages commun\u00e9ment admis et \u00e0 l&rsquo;ordre public.<\/p><p>L&rsquo;Utilisateur sera responsable des dommages de toute nature que ARCUSIN pourrait subir du fait de la violation de l&rsquo;une des obligations auxquelles il est soumis par les pr\u00e9sentes conditions.<\/p><p>En particulier, l&rsquo;utilisateur s&rsquo;engage \u00e0:<\/p><ul><li>Ne r\u00e9aliser aucune activit\u00e9 susceptible de nuire directement ou indirectement \u00e0 ARCUSIN ou \u00e0 l&rsquo;utilisation et \u00e0 l&rsquo;acc\u00e8s \u00e0 ce site Web.<\/li><li>Ne pas reproduire, distribuer ou modifier le contenu de ce site Web sans autorisation appropri\u00e9e, ni violer aucun droit sur ceux-ci appartenant \u00e0 ARCUSIN ou \u00e0 ses propri\u00e9taires l\u00e9gitimes.<\/li><li>N&rsquo;utilisez pas le contenu de ce site Web \u00e0 des fins commerciales ou publicitaires.<\/li><li>N&rsquo;essayez pas d&rsquo;acc\u00e9der au contenu du site Web en utilisant des moyens ou proc\u00e9dures autres que ceux mis \u00e0 disposition \u00e0 cet effet ou ceux normalement utilis\u00e9s sur le r\u00e9seau, \u00e0 condition qu&rsquo;ils ne comportent pas de risque pour le site Web.<\/li><\/ul><p>ARCUSIN se r\u00e9serve le droit de modifier unilat\u00e9ralement \u00e0 tout moment les conditions d&rsquo;utilisation de son site Internet, se r\u00e9servant \u00e9galement le droit de suspendre, d&rsquo;interrompre ou de rendre inop\u00e9rant son site Internet ou tout contenu, information ou service qui y est propos\u00e9, ainsi que les conditions de y acc\u00e9der.<\/p><p>\u00a0<\/p><ol><li><b> DONN\u00c9ES D&rsquo;IDENTIFICATION<\/b><\/li><\/ol><p>Nom de domaine : www.arcusin.com\/<\/p><p>Nom commercial : ARCUSIN<\/p><p>Raison sociale : ARCUSIN S.A.<\/p><p>CIF: A25013798<\/p><p>Si\u00e8ge social : Pol\u00edgon Industrial Pla d&rsquo;Urgell &#8211; Av. Merlet, 8 &#8211; 25245 VILA-SANA Lleida (Espagne)<\/p><p>T\u00e9l\u00e9phone : 973 71 28 55<\/p><p>Courriel : protection@www.arcusin.com<\/p><p>Registre du commerce de Lleida, page 672, page 67, volume 77, livre 49, 1\u00e8re entr\u00e9e.<\/p><p>\u00a0<\/p><ol start=\"2\"><li><b> DROITS DE PROPRI\u00c9T\u00c9 INTELLECTUELLE ET INDUSTRIELLE<\/b><\/li><\/ol><p>Le site Web, y compris, mais sans s&rsquo;y limiter, sa programmation, son \u00e9dition, sa compilation et d&rsquo;autres \u00e9l\u00e9ments n\u00e9cessaires \u00e0 son fonctionnement, les dessins, logos, textes et\/ou graphiques, sont la propri\u00e9t\u00e9 du RESPONSABLE ou, le cas \u00e9ch\u00e9ant, une licence ou une autorisation expresse du auteurs. Tous les contenus du site Web sont d\u00fbment prot\u00e9g\u00e9s par les r\u00e9glementations en mati\u00e8re de propri\u00e9t\u00e9 intellectuelle et industrielle, ainsi qu&rsquo;enregistr\u00e9s dans les registres publics correspondants.<\/p><p>Quelle que soit la finalit\u00e9 \u00e0 laquelle ils sont destin\u00e9s, la reproduction totale ou partielle, l&rsquo;utilisation, l&rsquo;exploitation, la distribution et la commercialisation n\u00e9cessitent en tout \u00e9tat de cause l&rsquo;autorisation \u00e9crite pr\u00e9alable du RESPONSABLE. Toute utilisation non pr\u00e9alablement autoris\u00e9e est consid\u00e9r\u00e9e comme une violation grave des droits de propri\u00e9t\u00e9 intellectuelle ou industrielle de l&rsquo;auteur.<\/p><p>Les dessins, logos, textes et\/ou graphiques ext\u00e9rieurs au CONTR\u00d4LEUR et pouvant appara\u00eetre sur le site Web appartiennent \u00e0 leurs propri\u00e9taires respectifs, \u00e9tant eux-m\u00eames responsables de toute controverse \u00e9ventuelle pouvant survenir \u00e0 leur sujet. Le RESPONSABLE autorise express\u00e9ment les tiers \u00e0 rediriger directement vers le contenu sp\u00e9cifique du site Web, et en tout cas \u00e0 rediriger vers le site Web principal de www.arcusin.com\/.<\/p><p>Le CONTR\u00d4LEUR reconna\u00eet les droits de propri\u00e9t\u00e9 intellectuelle et industrielle correspondants en faveur de leurs propri\u00e9taires, leur simple mention ou apparition sur le site n&rsquo;impliquant pas l&rsquo;existence d&rsquo;un droit ou d&rsquo;une responsabilit\u00e9 \u00e0 leur \u00e9gard, ni n&rsquo;implique l&rsquo;approbation, le parrainage ou la recommandation par le m\u00eame.<\/p><p>Pour faire tout type d&rsquo;observation concernant d&rsquo;\u00e9ventuelles violations des droits de propri\u00e9t\u00e9 intellectuelle ou industrielle, ainsi que de tout contenu du site Web, vous pouvez le faire via l&rsquo;e-mail<a href=\"mailto:proteccion@www.arcusin.com\">proteccion@www.arcusin.com<\/a>.<\/p><p>\u00a0<\/p><ol start=\"3\"><li><b> EXON\u00c9RATION DE RESPONSABILIT\u00c9<\/b><\/li><\/ol><p>Le RESPONSABLE est exon\u00e9r\u00e9 de tout type de responsabilit\u00e9 d\u00e9coulant des informations publi\u00e9es sur son site Web \u00e0 condition qu&rsquo;il n&rsquo;ait pas connaissance effective que ces informations ont \u00e9t\u00e9 manipul\u00e9es ou introduites par un tiers ext\u00e9rieur \u00e0 celui-ci ou, le cas \u00e9ch\u00e9ant, qu&rsquo;il a agi avec diligence pour retirer les donn\u00e9es ou rendre impossible leur acc\u00e8s.<\/p><p>Utilisation des cookies<\/p><p>Ce site Web peut utiliser des cookies techniques (petits fichiers d&rsquo;informations que le serveur envoie \u00e0 l&rsquo;ordinateur de la personne acc\u00e9dant \u00e0 la page) pour ex\u00e9cuter certaines fonctions consid\u00e9r\u00e9es comme essentielles au bon fonctionnement et \u00e0 l&rsquo;affichage du site. Les cookies utilis\u00e9s sont, en tout \u00e9tat de cause, temporaires, dans le seul but de rendre la navigation plus efficace, et ils disparaissent \u00e0 la fin de la session de l&rsquo;utilisateur. En aucun cas ces cookies ne fournissent par eux-m\u00eames des donn\u00e9es personnelles et ils ne seront pas utilis\u00e9s pour les collecter.<\/p><p>Gr\u00e2ce \u00e0 l&rsquo;utilisation de cookies, il est \u00e9galement possible que le serveur sur lequel se trouve le site Web reconnaisse le navigateur utilis\u00e9 par l&rsquo;utilisateur afin de faciliter la navigation, en permettant, par exemple, l&rsquo;acc\u00e8s des utilisateurs qui se sont pr\u00e9alablement inscrits aux zones, services , promotions ou concours qui leur sont exclusivement r\u00e9serv\u00e9s sans avoir \u00e0 s&rsquo;inscrire \u00e0 chaque visite. Ils peuvent \u00e9galement \u00eatre utilis\u00e9s pour mesurer l&rsquo;audience, les param\u00e8tres de fr\u00e9quentation, contr\u00f4ler la progression et le nombre d&rsquo;entr\u00e9es, etc., dans ces cas les cookies \u00e9tant techniquement dispensables, mais b\u00e9n\u00e9fiques pour l&rsquo;utilisateur. Ce site Web n&rsquo;installera pas de cookies dispensables sans le consentement pr\u00e9alable de l&rsquo;utilisateur.<\/p><p>L&rsquo;utilisateur a la possibilit\u00e9 de configurer son navigateur pour \u00eatre alert\u00e9 de la r\u00e9ception de cookies et emp\u00eacher leur installation sur son \u00e9quipement. Veuillez consulter les instructions de votre navigateur pour d\u00e9velopper ces informations.<\/p><p>Politique de lien<\/p><p>\u00c0 partir du site Web, vous pouvez \u00eatre redirig\u00e9 vers du contenu provenant de sites Web tiers. \u00c9tant donn\u00e9 que le CONTR\u00d4LEUR ne peut pas toujours contr\u00f4ler les contenus introduits par des tiers sur leurs sites Web respectifs, il n&rsquo;assume aucun type de responsabilit\u00e9 \u00e0 l&rsquo;\u00e9gard de ces contenus. Dans tous les cas, elle proc\u00e9dera au retrait imm\u00e9diat de tout contenu susceptible de contrevenir \u00e0 la l\u00e9gislation nationale ou internationale, \u00e0 la morale ou \u00e0 l&rsquo;ordre public, en proc\u00e9dant au retrait imm\u00e9diat de la redirection vers ledit site web, en notifiant le contenu en question aux autorit\u00e9s comp\u00e9tentes.<\/p><p>hyperliens<\/p><p>Les personnes qui entendent mettre en place un hyperlien, un lien ou un lien vers ce site internet \u00e0 partir d&rsquo;un autre site internet doivent respecter les conditions suivantes:<\/p><p>Aucun lien ne sera \u00e9tabli autrement que vers la page principale de ce site Web, sauf autorisation expresse d&rsquo;ARCUSIN, et il est express\u00e9ment interdit d&rsquo;\u00e9tablir des liens profonds, des liens IMG ou d&rsquo;images, des cadres ou des environnements de bordure.<\/p><ul><li>Le lien peut permettre l&rsquo;acc\u00e8s \u00e0 ce site Web, mais ses services ou son contenu ne peuvent \u00eatre reproduits.<\/li><li>Aucune d\u00e9claration fausse, inexacte ou incorrecte ne sera faite sur ce site Web ou sur ses services ou contenus, ou sur les entreprises, les dirigeants ou les employ\u00e9s qui composent ARCUSIN.<\/li><li>La page Web dans laquelle le lien est inclus ne peut contenir aucune marque, nom commercial, \u00e9tiquette d&rsquo;\u00e9tablissement, d\u00e9nomination, logo, slogan ou signe distinctif appartenant \u00e0 ARCUSIN ou \u00e0 des tiers (\u00e0 l&rsquo;exception des signes faisant partie du m\u00eame hyperliens) sauf autorisation expresse des personnes concern\u00e9es.<\/li><\/ul><ul><li>L&rsquo;\u00e9tablissement du lien n&rsquo;implique aucune relation entre le propri\u00e9taire ou l&rsquo;exploitant du site Web \u00e0 partir duquel il est cr\u00e9\u00e9 et ARCUSIN ni n&rsquo;implique la connaissance, l&rsquo;autorisation ou le consentement d&rsquo;ARCUSIN sur le contenu du site Web \u00e0 partir duquel le lien est cr\u00e9\u00e9.<\/li><\/ul><p>Le RESPONSABLE n&rsquo;est pas responsable des informations et du contenu stock\u00e9s, \u00e0 titre d&rsquo;exemple mais non limitatif, dans les forums, les chats, les g\u00e9n\u00e9rateurs de blogs, les commentaires, les r\u00e9seaux sociaux ou tout autre moyen permettant \u00e0 des tiers de publier du contenu de mani\u00e8re ind\u00e9pendante sur le site Web du RESPONSABLE. Cependant, et conform\u00e9ment aux dispositions des articles 11 et 16 de la LSSICE, il est mis \u00e0 la disposition de tous les utilisateurs, autorit\u00e9s et forces de s\u00e9curit\u00e9, collaborant activement au retrait ou, le cas \u00e9ch\u00e9ant, au blocage de tous les contenus susceptibles d&rsquo;affecter ou de contrevenir la l\u00e9gislation nationale ou internationale, les droits des tiers ou les bonnes m\u0153urs et l&rsquo;ordre public. Dans le cas o\u00f9 l&rsquo;utilisateur consid\u00e8re qu&rsquo;il existe un contenu sur le site Web qui pourrait \u00eatre susceptible de cette classification, veuillez en informer imm\u00e9diatement l&rsquo;administrateur du site Web.<\/p><p>Ce site Web a \u00e9t\u00e9 r\u00e9vis\u00e9 et test\u00e9 pour fonctionner correctement. En principe, un fonctionnement correct peut \u00eatre garanti 365 jours par an, 24 heures sur 24. Cependant, le RESPONSABLE n&rsquo;exclut pas la possibilit\u00e9 qu&rsquo;il y ait certaines erreurs de programmation, ou que des cas de force majeure, des catastrophes naturelles, des gr\u00e8ves ou des circonstances similaires se produisent qui rendent l&rsquo;acc\u00e8s au site Web impossible.<\/p><p>Adresses IP<\/p><p>Les serveurs du site Web peuvent d\u00e9tecter automatiquement l&rsquo;adresse IP et le nom de domaine utilis\u00e9s par l&rsquo;utilisateur. Une adresse IP est un num\u00e9ro attribu\u00e9 automatiquement \u00e0 un ordinateur lorsqu&rsquo;il se connecte \u00e0 Internet. Toutes ces informations sont enregistr\u00e9es dans un fichier d&rsquo;activit\u00e9 du serveur qui permet le traitement ult\u00e9rieur des donn\u00e9es afin d&rsquo;obtenir uniquement des mesures statistiques permettant de conna\u00eetre le nombre d&rsquo;impressions de pages, le nombre de visites effectu\u00e9es sur les serveurs Web, l&rsquo;ordre des visites, la point d&rsquo;acc\u00e8s, etc&#8230;<\/p><p>\u00a0<\/p><ol start=\"4\"><li><b> LOI APPLICABLE ET JURIDICTION<\/b><\/li><\/ol><p>Pour la r\u00e9solution de tous les litiges ou probl\u00e8mes li\u00e9s \u00e0 ce site Web ou aux activit\u00e9s qui y sont men\u00e9es, la l\u00e9gislation espagnole s&rsquo;appliquera, \u00e0 laquelle les parties se soumettent express\u00e9ment, \u00e9tant comp\u00e9tentes pour r\u00e9soudre tous les litiges d\u00e9coulant ou li\u00e9s \u00e0 son utilisation les Cours et Tribunaux de la ville de L\u00e9rida (Espagne).<\/p>\t\t\t\t\t\t\t\t<\/div>\n\t\t\t\t<\/div>\n\t\t\t\t\t<\/div>\n\t\t<\/div>\n\t\t\t\t\t<\/div>\n\t\t<\/section>\n\t\t\t\t<\/div>\n\t\t","protected":false},"excerpt":{"rendered":"<p>NOTE L\u00c9GALE LOI SUR LES SERVICES DE LA SOCI\u00c9T\u00c9 DE L&rsquo;INFORMATION (LSSI) LOI SUR LES SERVICES DE LA SOCI\u00c9T\u00c9 DE L&rsquo;INFORMATION (LSSI) ARCUSIN S.A., responsable du site Web, ci-apr\u00e8s RESPONSABLE, met ce document \u00e0 la disposition des utilisateurs, avec lesquels il entend se conformer aux obligations \u00e9nonc\u00e9es dans la loi 34\/2002, du 11 juillet, sur les services de la soci\u00e9t\u00e9 de l&rsquo;information et du commerce \u00e9lectronique ( LSSICE), BOE n\u00b0 166, ainsi que l&rsquo;information de tous les utilisateurs du site sur les conditions d&rsquo;utilisation. Toute personne qui acc\u00e8de \u00e0 ce site Web assume le r\u00f4le d&rsquo;utilisateur, s&rsquo;engageant \u00e0 observer et \u00e0 respecter strictement les dispositions \u00e9nonc\u00e9es dans les pr\u00e9sentes, ainsi que toute autre disposition l\u00e9gale applicable. Condition d&rsquo;utilisation Quiconque acc\u00e8de au site Web ARCUSIN (utilisateur) le fait sous sa seule responsabilit\u00e9 et en acceptant pleinement les pr\u00e9sentes conditions d&rsquo;utilisation, ainsi que toute autre qui y est mentionn\u00e9e, et s&rsquo;engage \u00e0 faire un usage loyal des services, moyens et informations qui sont mis \u00e0 disposition \u00e0 votre disposition en vous engageant \u00e0 ne mener aucune activit\u00e9 illicite, ill\u00e9gale ou contraire \u00e0 la bonne foi, aux usages commun\u00e9ment admis et \u00e0 l&rsquo;ordre public. L&rsquo;Utilisateur sera responsable des dommages de toute nature que ARCUSIN pourrait subir du fait de la violation de l&rsquo;une des obligations auxquelles il est soumis par les pr\u00e9sentes conditions. En particulier, l&rsquo;utilisateur s&rsquo;engage \u00e0: Ne r\u00e9aliser aucune activit\u00e9 susceptible de nuire directement ou indirectement \u00e0 ARCUSIN ou \u00e0 l&rsquo;utilisation et \u00e0 l&rsquo;acc\u00e8s \u00e0 ce site Web. Ne pas reproduire, distribuer ou modifier le contenu de ce site Web sans autorisation appropri\u00e9e, ni violer aucun droit sur ceux-ci appartenant \u00e0 ARCUSIN ou \u00e0 ses propri\u00e9taires l\u00e9gitimes. N&rsquo;utilisez pas le contenu de ce site Web \u00e0 des fins commerciales ou publicitaires. N&rsquo;essayez pas d&rsquo;acc\u00e9der au contenu du site Web en utilisant des moyens ou proc\u00e9dures autres que ceux mis \u00e0 disposition \u00e0 cet effet ou ceux normalement utilis\u00e9s sur le r\u00e9seau, \u00e0 condition qu&rsquo;ils ne comportent pas de risque pour le site Web. ARCUSIN se r\u00e9serve le droit de modifier unilat\u00e9ralement \u00e0 tout moment les conditions d&rsquo;utilisation de son site Internet, se r\u00e9servant \u00e9galement le droit de suspendre, d&rsquo;interrompre ou de rendre inop\u00e9rant son site Internet ou tout contenu, information ou service qui y est propos\u00e9, ainsi que les conditions de y acc\u00e9der. \u00a0 DONN\u00c9ES D&rsquo;IDENTIFICATION Nom de domaine : www.arcusin.com\/ Nom commercial : ARCUSIN Raison sociale : ARCUSIN S.A. CIF: A25013798 Si\u00e8ge social : Pol\u00edgon Industrial Pla d&rsquo;Urgell &#8211; Av. Merlet, 8 &#8211; 25245 VILA-SANA Lleida (Espagne) T\u00e9l\u00e9phone : 973 71 28 55 Courriel : protection@www.arcusin.com Registre du commerce de Lleida, page 672, page 67, volume 77, livre 49, 1\u00e8re entr\u00e9e. \u00a0 DROITS DE PROPRI\u00c9T\u00c9 INTELLECTUELLE ET INDUSTRIELLE Le site Web, y compris, mais sans s&rsquo;y limiter, sa programmation, son \u00e9dition, sa compilation et d&rsquo;autres \u00e9l\u00e9ments n\u00e9cessaires \u00e0 son fonctionnement, les dessins, logos, textes et\/ou graphiques, sont la propri\u00e9t\u00e9 du RESPONSABLE ou, le cas \u00e9ch\u00e9ant, une licence ou une autorisation expresse du auteurs. Tous les contenus du site Web sont d\u00fbment prot\u00e9g\u00e9s par les r\u00e9glementations en mati\u00e8re de propri\u00e9t\u00e9 intellectuelle et industrielle, ainsi qu&rsquo;enregistr\u00e9s dans les registres publics correspondants. Quelle que soit la finalit\u00e9 \u00e0 laquelle ils sont destin\u00e9s, la reproduction totale ou partielle, l&rsquo;utilisation, l&rsquo;exploitation, la distribution et la commercialisation n\u00e9cessitent en tout \u00e9tat de cause l&rsquo;autorisation \u00e9crite pr\u00e9alable du RESPONSABLE. Toute utilisation non pr\u00e9alablement autoris\u00e9e est consid\u00e9r\u00e9e comme une violation grave des droits de propri\u00e9t\u00e9 intellectuelle ou industrielle de l&rsquo;auteur. Les dessins, logos, textes et\/ou graphiques ext\u00e9rieurs au CONTR\u00d4LEUR et pouvant appara\u00eetre sur le site Web appartiennent \u00e0 leurs propri\u00e9taires respectifs, \u00e9tant eux-m\u00eames responsables de toute controverse \u00e9ventuelle pouvant survenir \u00e0 leur sujet. Le RESPONSABLE autorise express\u00e9ment les tiers \u00e0 rediriger directement vers le contenu sp\u00e9cifique du site Web, et en tout cas \u00e0 rediriger vers le site Web principal de www.arcusin.com\/. Le CONTR\u00d4LEUR reconna\u00eet les droits de propri\u00e9t\u00e9 intellectuelle et industrielle correspondants en faveur de leurs propri\u00e9taires, leur simple mention ou apparition sur le site n&rsquo;impliquant pas l&rsquo;existence d&rsquo;un droit ou d&rsquo;une responsabilit\u00e9 \u00e0 leur \u00e9gard, ni n&rsquo;implique l&rsquo;approbation, le parrainage ou la recommandation par le m\u00eame. Pour faire tout type d&rsquo;observation concernant d&rsquo;\u00e9ventuelles violations des droits de propri\u00e9t\u00e9 intellectuelle ou industrielle, ainsi que de tout contenu du site Web, vous pouvez le faire via l&rsquo;e-mailproteccion@www.arcusin.com. \u00a0 EXON\u00c9RATION DE RESPONSABILIT\u00c9 Le RESPONSABLE est exon\u00e9r\u00e9 de tout type de responsabilit\u00e9 d\u00e9coulant des informations publi\u00e9es sur son site Web \u00e0 condition qu&rsquo;il n&rsquo;ait pas connaissance effective que ces informations ont \u00e9t\u00e9 manipul\u00e9es ou introduites par un tiers ext\u00e9rieur \u00e0 celui-ci ou, le cas \u00e9ch\u00e9ant, qu&rsquo;il a agi avec diligence pour retirer les donn\u00e9es ou rendre impossible leur acc\u00e8s. Utilisation des cookies Ce site Web peut utiliser des cookies techniques (petits fichiers d&rsquo;informations que le serveur envoie \u00e0 l&rsquo;ordinateur de la personne acc\u00e9dant \u00e0 la page) pour ex\u00e9cuter certaines fonctions consid\u00e9r\u00e9es comme essentielles au bon fonctionnement et \u00e0 l&rsquo;affichage du site. Les cookies utilis\u00e9s sont, en tout \u00e9tat de cause, temporaires, dans le seul but de rendre la navigation plus efficace, et ils disparaissent \u00e0 la fin de la session de l&rsquo;utilisateur. En aucun cas ces cookies ne fournissent par eux-m\u00eames des donn\u00e9es personnelles et ils ne seront pas utilis\u00e9s pour les collecter. Gr\u00e2ce \u00e0 l&rsquo;utilisation de cookies, il est \u00e9galement possible que le serveur sur lequel se trouve le site Web reconnaisse le navigateur utilis\u00e9 par l&rsquo;utilisateur afin de faciliter la navigation, en permettant, par exemple, l&rsquo;acc\u00e8s des utilisateurs qui se sont pr\u00e9alablement inscrits aux zones, services , promotions ou concours qui leur sont exclusivement r\u00e9serv\u00e9s sans avoir \u00e0 s&rsquo;inscrire \u00e0 chaque visite. Ils peuvent \u00e9galement \u00eatre utilis\u00e9s pour mesurer l&rsquo;audience, les param\u00e8tres de fr\u00e9quentation, contr\u00f4ler la progression et le nombre d&rsquo;entr\u00e9es, etc., dans ces cas les cookies \u00e9tant techniquement dispensables, mais b\u00e9n\u00e9fiques pour l&rsquo;utilisateur. Ce site Web n&rsquo;installera pas de cookies dispensables sans le consentement pr\u00e9alable de l&rsquo;utilisateur. L&rsquo;utilisateur a la possibilit\u00e9 de configurer son navigateur pour \u00eatre alert\u00e9 de la r\u00e9ception de cookies et emp\u00eacher leur installation sur son \u00e9quipement. Veuillez consulter les instructions de votre<\/p>\n","protected":false},"author":156,"featured_media":0,"parent":0,"menu_order":0,"comment_status":"closed","ping_status":"closed","template":"elementor_header_footer","meta":{"content-type":"","footnotes":""},"class_list":["post-37355","page","type-page","status-publish","hentry"],"_links":{"self":[{"href":"https:\/\/arcusin.isocialdev.com\/fr\/wp-json\/wp\/v2\/pages\/37355","targetHints":{"allow":["GET"]}}],"collection":[{"href":"https:\/\/arcusin.isocialdev.com\/fr\/wp-json\/wp\/v2\/pages"}],"about":[{"href":"https:\/\/arcusin.isocialdev.com\/fr\/wp-json\/wp\/v2\/types\/page"}],"author":[{"embeddable":true,"href":"https:\/\/arcusin.isocialdev.com\/fr\/wp-json\/wp\/v2\/users\/156"}],"replies":[{"embeddable":true,"href":"https:\/\/arcusin.isocialdev.com\/fr\/wp-json\/wp\/v2\/comments?post=37355"}],"version-history":[{"count":4,"href":"https:\/\/arcusin.isocialdev.com\/fr\/wp-json\/wp\/v2\/pages\/37355\/revisions"}],"predecessor-version":[{"id":72637,"href":"https:\/\/arcusin.isocialdev.com\/fr\/wp-json\/wp\/v2\/pages\/37355\/revisions\/72637"}],"wp:attachment":[{"href":"https:\/\/arcusin.isocialdev.com\/fr\/wp-json\/wp\/v2\/media?parent=37355"}],"curies":[{"name":"wp","href":"https:\/\/api.w.org\/{rel}","templated":true}]}}