{"id":75340,"date":"2026-03-17T17:05:25","date_gmt":"2026-03-17T16:05:25","guid":{"rendered":"https:\/\/arcusin.isocialdev.com\/?post_type=product&#038;p=75340"},"modified":"2026-03-20T11:23:26","modified_gmt":"2026-03-20T10:23:26","slug":"chaqueta-vaquera-vintage-unisex-arcusin","status":"publish","type":"product","link":"https:\/\/arcusin.isocialdev.com\/es\/product\/chaqueta-vaquera-vintage-unisex-arcusin\/","title":{"rendered":"CHAQUETA VAQUERA VINTAGE UNISEX ARCUSIN"},"content":{"rendered":"","protected":false},"excerpt":{"rendered":"<p>Chaqueta vaquera de estilo vintage de edici\u00f3n limitada con parches bordados hechos a mano con los ic\u00f3nicos logotipos de las m\u00e1quinas ARCUSIN: Autostack, Forstack y Multipack.<\/p>\n","protected":false},"featured_media":75049,"comment_status":"closed","ping_status":"closed","template":"","meta":{"content-type":""},"product_brand":[],"product_cat":[567],"product_tag":[],"class_list":{"0":"post-75340","1":"product","2":"type-product","3":"status-publish","4":"has-post-thumbnail","6":"product_cat-merchandising","8":"first","9":"outofstock","10":"taxable","11":"shipping-taxable","12":"purchasable","13":"product-type-simple"},"_links":{"self":[{"href":"https:\/\/arcusin.isocialdev.com\/es\/wp-json\/wp\/v2\/product\/75340","targetHints":{"allow":["GET"]}}],"collection":[{"href":"https:\/\/arcusin.isocialdev.com\/es\/wp-json\/wp\/v2\/product"}],"about":[{"href":"https:\/\/arcusin.isocialdev.com\/es\/wp-json\/wp\/v2\/types\/product"}],"replies":[{"embeddable":true,"href":"https:\/\/arcusin.isocialdev.com\/es\/wp-json\/wp\/v2\/comments?post=75340"}],"version-history":[{"count":0,"href":"https:\/\/arcusin.isocialdev.com\/es\/wp-json\/wp\/v2\/product\/75340\/revisions"}],"wp:featuredmedia":[{"embeddable":true,"href":"https:\/\/arcusin.isocialdev.com\/es\/wp-json\/wp\/v2\/media\/75049"}],"wp:attachment":[{"href":"https:\/\/arcusin.isocialdev.com\/es\/wp-json\/wp\/v2\/media?parent=75340"}],"wp:term":[{"taxonomy":"product_brand","embeddable":true,"href":"https:\/\/arcusin.isocialdev.com\/es\/wp-json\/wp\/v2\/product_brand?post=75340"},{"taxonomy":"product_cat","embeddable":true,"href":"https:\/\/arcusin.isocialdev.com\/es\/wp-json\/wp\/v2\/product_cat?post=75340"},{"taxonomy":"product_tag","embeddable":true,"href":"https:\/\/arcusin.isocialdev.com\/es\/wp-json\/wp\/v2\/product_tag?post=75340"}],"curies":[{"name":"wp","href":"https:\/\/api.w.org\/{rel}","templated":true}]}}