{"id":75339,"date":"2026-03-17T17:05:27","date_gmt":"2026-03-17T16:05:27","guid":{"rendered":"https:\/\/arcusin.isocialdev.com\/?post_type=product&#038;p=75339"},"modified":"2026-03-20T11:23:22","modified_gmt":"2026-03-20T10:23:22","slug":"gorro-de-punto-arcusin-azul-marino","status":"publish","type":"product","link":"https:\/\/arcusin.isocialdev.com\/es\/product\/gorro-de-punto-arcusin-azul-marino\/","title":{"rendered":"GORRO DE PUNTO ARCUSIN AZUL MARINO"},"content":{"rendered":"","protected":false},"excerpt":{"rendered":"<p>Gorro cl\u00e1sico elaborado 100% acr\u00edlico, que ofrece una sensaci\u00f3n suave y un ajuste c\u00f3modo para el d\u00eda a d\u00eda con un aspecto limpio y minimalista.<\/p>\n","protected":false},"featured_media":75052,"comment_status":"closed","ping_status":"closed","template":"","meta":{"content-type":""},"product_brand":[],"product_cat":[567],"product_tag":[],"class_list":{"0":"post-75339","1":"product","2":"type-product","3":"status-publish","4":"has-post-thumbnail","6":"product_cat-merchandising","8":"first","9":"outofstock","10":"taxable","11":"shipping-taxable","12":"purchasable","13":"product-type-simple"},"_links":{"self":[{"href":"https:\/\/arcusin.isocialdev.com\/es\/wp-json\/wp\/v2\/product\/75339","targetHints":{"allow":["GET"]}}],"collection":[{"href":"https:\/\/arcusin.isocialdev.com\/es\/wp-json\/wp\/v2\/product"}],"about":[{"href":"https:\/\/arcusin.isocialdev.com\/es\/wp-json\/wp\/v2\/types\/product"}],"replies":[{"embeddable":true,"href":"https:\/\/arcusin.isocialdev.com\/es\/wp-json\/wp\/v2\/comments?post=75339"}],"version-history":[{"count":0,"href":"https:\/\/arcusin.isocialdev.com\/es\/wp-json\/wp\/v2\/product\/75339\/revisions"}],"wp:featuredmedia":[{"embeddable":true,"href":"https:\/\/arcusin.isocialdev.com\/es\/wp-json\/wp\/v2\/media\/75052"}],"wp:attachment":[{"href":"https:\/\/arcusin.isocialdev.com\/es\/wp-json\/wp\/v2\/media?parent=75339"}],"wp:term":[{"taxonomy":"product_brand","embeddable":true,"href":"https:\/\/arcusin.isocialdev.com\/es\/wp-json\/wp\/v2\/product_brand?post=75339"},{"taxonomy":"product_cat","embeddable":true,"href":"https:\/\/arcusin.isocialdev.com\/es\/wp-json\/wp\/v2\/product_cat?post=75339"},{"taxonomy":"product_tag","embeddable":true,"href":"https:\/\/arcusin.isocialdev.com\/es\/wp-json\/wp\/v2\/product_tag?post=75339"}],"curies":[{"name":"wp","href":"https:\/\/api.w.org\/{rel}","templated":true}]}}