{"id":37349,"date":"2022-12-28T09:02:00","date_gmt":"2022-12-28T08:02:00","guid":{"rendered":"https:\/\/arcusin.isocialdev.com\/aviso-legal\/"},"modified":"2026-02-11T09:53:31","modified_gmt":"2026-02-11T08:53:31","slug":"aviso-legal","status":"publish","type":"page","link":"https:\/\/arcusin.isocialdev.com\/es\/aviso-legal\/","title":{"rendered":"Aviso legal"},"content":{"rendered":"\t\t<div data-elementor-type=\"wp-page\" data-elementor-id=\"37349\" class=\"elementor elementor-37349 elementor-9888\" data-elementor-post-type=\"page\">\n\t\t\t\t\t\t<section class=\"elementor-section elementor-top-section elementor-element elementor-element-02e7d2a elementor-section-boxed elementor-section-height-default elementor-section-height-default wpr-particle-no wpr-jarallax-no wpr-parallax-no wpr-sticky-section-no wpr-equal-height-no\" data-id=\"02e7d2a\" data-element_type=\"section\" data-e-type=\"section\">\n\t\t\t\t\t\t<div class=\"elementor-container elementor-column-gap-default\">\n\t\t\t\t\t<div class=\"elementor-column elementor-col-100 elementor-top-column elementor-element elementor-element-989db49\" data-id=\"989db49\" data-element_type=\"column\" data-e-type=\"column\" data-settings=\"{&quot;background_background&quot;:&quot;classic&quot;}\">\n\t\t\t<div class=\"elementor-widget-wrap elementor-element-populated\">\n\t\t\t\t\t\t<div class=\"elementor-element elementor-element-e5874ae elementor-widget elementor-widget-heading\" data-id=\"e5874ae\" data-element_type=\"widget\" data-e-type=\"widget\" data-widget_type=\"heading.default\">\n\t\t\t\t<div class=\"elementor-widget-container\">\n\t\t\t\t\t<h2 class=\"elementor-heading-title elementor-size-default\">Nota Legal<\/h2>\t\t\t\t<\/div>\n\t\t\t\t<\/div>\n\t\t\t\t\t<\/div>\n\t\t<\/div>\n\t\t\t\t\t<\/div>\n\t\t<\/section>\n\t\t\t\t<section class=\"elementor-section elementor-top-section elementor-element elementor-element-493f466 elementor-section-boxed elementor-section-height-default elementor-section-height-default wpr-particle-no wpr-jarallax-no wpr-parallax-no wpr-sticky-section-no wpr-equal-height-no\" data-id=\"493f466\" data-element_type=\"section\" data-e-type=\"section\">\n\t\t\t\t\t\t<div class=\"elementor-container elementor-column-gap-default\">\n\t\t\t\t\t<div class=\"elementor-column elementor-col-100 elementor-top-column elementor-element elementor-element-ab94d83\" data-id=\"ab94d83\" data-element_type=\"column\" data-e-type=\"column\">\n\t\t\t<div class=\"elementor-widget-wrap elementor-element-populated\">\n\t\t\t\t\t\t<div class=\"elementor-element elementor-element-2efa934 elementor-widget elementor-widget-heading\" data-id=\"2efa934\" data-element_type=\"widget\" data-e-type=\"widget\" data-widget_type=\"heading.default\">\n\t\t\t\t<div class=\"elementor-widget-container\">\n\t\t\t\t\t<h2 class=\"elementor-heading-title elementor-size-default\">LEY DE LOS SERVICIOS DE LA SOCIEDAD DE LA INFORMACI\u00d3N (LSSI)<\/h2>\t\t\t\t<\/div>\n\t\t\t\t<\/div>\n\t\t\t\t<div class=\"elementor-element elementor-element-09e4488 elementor-widget elementor-widget-text-editor\" data-id=\"09e4488\" data-element_type=\"widget\" data-e-type=\"widget\" data-widget_type=\"text-editor.default\">\n\t\t\t\t<div class=\"elementor-widget-container\">\n\t\t\t\t\t\t\t\t\t<p><b>LEY DE LOS SERVICIOS DE LA SOCIEDAD DE LA INFORMACI\u00d3N (LSSI)<\/b><\/p><p>ARCUSIN S.A., responsable del sitio web, en adelante RESPONSABLE, pone a disposici\u00f3n de los usuarios el presente documento, con el que pretende dar cumplimiento a las obligaciones dispuestas en la Ley 34\/2002, de 11 de julio, de Servicios de la Sociedad de la Informaci\u00f3n y de Comercio Electr\u00f3nico (LSSICE), BOE N.\u00ba 166, as\u00ed como informar a todos los usuarios del sitio web respecto a cu\u00e1les son las condiciones de uso.<\/p><p>Toda persona que acceda a este sitio web asume el papel de usuario, comprometi\u00e9ndose a la observancia y cumplimiento riguroso de las disposiciones aqu\u00ed dispuestas, as\u00ed como a cualquier otra disposici\u00f3n legal que fuera de aplicaci\u00f3n.<\/p><p>Condiciones de Uso<\/p><p>Quien acceda al sitio web de ARCUSIN (usuario) lo hace bajo su exclusiva responsabilidad y con plena aceptaci\u00f3n de las presentes condiciones de uso, as\u00ed como de cualquier otra que se haga constar en el mismo, y se compromete a realizar un uso leal de los servicios, medios e informaci\u00f3n que se ponen a su alcance comprometi\u00e9ndose a no realizar ninguna actividad il\u00edcita, ilegal o contraria a la buena fe, los usos com\u00fanmente aceptados y el orden p\u00fablico.<\/p><p>El Usuario responder\u00e1 de los da\u00f1os y perjuicios de toda naturaleza que ARCUSIN pueda sufrir como consecuencia del incumplimiento de cualquiera de las obligaciones a las que queda sometido por las presentes condiciones.<\/p><p>Especialmente el usuario se compromete a:<\/p><ul><li>\u2022 No realizar ninguna actividad que pueda perjudicar directa o indirectamente a ARCUSIN o al uso y acceso al presente web site.<\/li><li>\u2022 No reproducir, distribuir ni modificar los contenidos del presente web site sin la debida autorizaci\u00f3n, ni vulnerar ning\u00fan derecho sobre los mismos pertenecientes a ARCUSIN o a sus leg\u00edtimos titulares<\/li><li>\u2022 No utilizar los contenidos de este web site con fines comerciales o publicitarios.<\/li><li>\u2022 No tratar de acceder a los contenidos del web site empleando medios o procedimientos diferentes a los puestos a su disposici\u00f3n al efecto o a los habitualmente empleados en la red siempre que no entra\u00f1en un riesgo para el web site.<\/li><\/ul><p>ARCUSIN se reserva el derecho a modificar unilateralmente y en cualquier momento las condiciones de uso de su sitio web reserv\u00e1ndose igualmente el derecho a suspender, interrumpir o dejar sin funcionamiento su sitio web o cualquiera de los contenidos, informaci\u00f3n o servicios que en \u00e9l se prestan, as\u00ed como las condiciones de acceso a los mismos.<\/p><p>\u00a0<\/p><ol><li><b> DATOS IDENTIFICATIVOS<\/b><\/li><\/ol><p>Nombre de dominio: www.arcusin.com\/<\/p><p>Nombre comercial: ARCUSIN<\/p><p>Denominaci\u00f3n social: ARCUSIN S.A.<\/p><p>CIF: A25013798<\/p><p>Domicilio social: Pol\u00edgon Industrial Pla d&#8217;Urgell &#8211; Av. Merlet, 8 &#8211; 25245 VILA-SANA Lleida (Espanya)<\/p><p>Tel\u00e9fono: 973 71 28 55<\/p><p>E-mail: proteccion@www.arcusin.com<\/p><p>Registre Mercantil de Lleida, hoja 672, folio 67, tomo 77, libro 49, inscripci\u00f3n 1\u00aa<\/p><p>\u00a0<\/p><ol start=\"2\"><li><b> DERECHOS DE PROPIEDAD INTELECTUAL E INDUSTRIAL<\/b><\/li><\/ol><p>El sitio web, incluyendo a t\u00edtulo enunciativo pero no limitativo su programaci\u00f3n, edici\u00f3n, compilaci\u00f3n y dem\u00e1s elementos necesarios para su funcionamiento, los dise\u00f1os, logotipos, texto y\/o gr\u00e1ficos, son propiedad del RESPONSABLE o, si es el caso, dispone de licencia o autorizaci\u00f3n expresa por parte de los autores. Todos los contenidos del sitio web se encuentran debidamente protegidos por la normativa de propiedad intelectual e industrial, as\u00ed como inscritos en los registros p\u00fablicos correspondientes.<\/p><p>Independientemente de la finalidad para la que fueran destinados, la reproducci\u00f3n total o parcial, uso, explotaci\u00f3n, distribuci\u00f3n y comercializaci\u00f3n, requiere en todo caso la autorizaci\u00f3n escrita previa por parte del RESPONSABLE. Cualquier uso no autorizado previamente se considera un incumplimiento grave de los derechos de propiedad intelectual o industrial del autor.<\/p><p>Los dise\u00f1os, logotipos, texto y\/o gr\u00e1ficos ajenos al RESPONSABLE y que pudieran aparecer en el sitio web, pertenecen a sus respectivos propietarios, siendo ellos mismos responsables de cualquier posible controversia que pudiera suscitarse respecto a los mismos. El RESPONSABLE autoriza expresamente a que terceros puedan redirigir directamente a los contenidos concretos del sitio web, y en todo caso redirigir al sitio web principal de www.arcusin.com\/.<\/p><p>El RESPONSABLE reconoce a favor de sus titulares los correspondientes derechos de propiedad intelectual e industrial, no implicando su sola menci\u00f3n o aparici\u00f3n en el sitio web la existencia de derechos o responsabilidad alguna sobre los mismos, como tampoco respaldo, patrocinio o recomendaci\u00f3n por parte del mismo.<\/p><p>Para realizar cualquier tipo de observaci\u00f3n respecto a posibles incumplimientos de los derechos de propiedad intelectual o industrial, as\u00ed como sobre cualquiera de los contenidos del sitio web, puede hacerlo a trav\u00e9s del correo electr\u00f3nico<a href=\"mailto:proteccion@www.arcusin.com\">proteccion@www.arcusin.com<\/a>.<\/p><p>\u00a0<\/p><ol start=\"3\"><li><b> EXENCI\u00d3N DE RESPONSABILIDADES<\/b><\/li><\/ol><p>El RESPONSABLE se exime de cualquier tipo de responsabilidad derivada de la informaci\u00f3n publicada en su sitio web siempre que no tenga conocimiento efectivo de que esta informaci\u00f3n haya sido manipulada o introducida por un tercero ajeno al mismo o, si lo tiene, haya actuado con diligencia para retirar los datos o hacer imposible el acceso a ellos.<\/p><p>Uso de Cookies<\/p><p>Este sitio web puede utilizar cookies t\u00e9cnicas (peque\u00f1os archivos de informaci\u00f3n que el servidor env\u00eda al ordenador de quien accede a la p\u00e1gina) para llevar a cabo determinadas funciones que son consideradas imprescindibles para el correcto funcionamiento y visualizaci\u00f3n del sitio. Las cookies utilizadas tienen, en todo caso, car\u00e1cter temporal, con la \u00fanica finalidad de hacer m\u00e1s eficaz la navegaci\u00f3n, y desaparecen al terminar la sesi\u00f3n del usuario. En ning\u00fan caso, estas cookies proporcionan por s\u00ed mismas datos de car\u00e1cter personal y no se utilizar\u00e1n para la recogida de los mismos.<\/p><p>Mediante el uso de cookies tambi\u00e9n es posible que el servidor donde se encuentra la web reconozca el navegador utilizado por el usuario con la finalidad de que la navegaci\u00f3n sea m\u00e1s sencilla, permitiendo, por ejemplo, el acceso de los usuarios que se hayan registrado previamente a las \u00e1reas, servicios, promociones o concursos reservados exclusivamente a ellos sin tener que registrarse en cada visita. Tambi\u00e9n se pueden utilizar para medir la audiencia, par\u00e1metros de tr\u00e1fico, controlar el progreso y n\u00famero de entradas, etc., siendo en estos casos cookies prescindibles t\u00e9cnicamente, pero beneficiosas para el usuario. Este sitio web no instalar\u00e1 cookies prescindibles sin el consentimiento previo del usuario.<\/p><p>El usuario tiene la posibilidad de configurar su navegador para ser alertado de la recepci\u00f3n de cookies y para impedir su instalaci\u00f3n en su equipo. Por favor, consulte las instrucciones de su navegador para ampliar esta informaci\u00f3n.<\/p><p>Pol\u00edtica de enlaces<\/p><p>Desde el sitio web, es posible que se redirija a contenidos de terceros sitios web. Dado que el RESPONSABLE no puede controlar siempre los contenidos introducidos por terceros en sus respectivos sitios web, no asume ning\u00fan tipo de responsabilidad respecto a dichos contenidos. En todo caso, proceder\u00e1 a la retirada inmediata de cualquier contenido que pudiera contravenir la legislaci\u00f3n nacional o internacional, la moral o el orden p\u00fablico, procediendo a la retirada inmediata de la redirecci\u00f3n a dicho sitio web, poniendo en conocimiento de las autoridades competentes el contenido en cuesti\u00f3n.<\/p><p>Hiperv\u00ednculos<\/p><p>Quienes pretendan establecer hiperv\u00ednculo, link o enlace con este web site desde otro sitio web deber\u00e1n respetar las siguientes condiciones:<\/p><p>No se establecer\u00e1n links m\u00e1s que a la p\u00e1gina principal de este web site, salvo autorizaci\u00f3n expresa de ARCUSIN, quedando expresamente prohibido establecer deep-links, enlaces IMG o de imagen, frames o border enviroment.<\/p><ul><li>El link podr\u00e1 permitir el acceso a este sitio web, pero no podr\u00e1n reproducirse sus servicios ni contenidos.<\/li><li>No se realizar\u00e1n manifestaciones falsas, inexactas o incorrectas sobre este web site ni sobre los servicios o contenidos del mismo, ni sobre las empresas, directivos o empleados que conforman ARCUSIN.<\/li><li>La p\u00e1gina web en la que se incluya el link no podr\u00e1 contener ninguna marca, nombre comercial, r\u00f3tulo de establecimiento, denominaci\u00f3n, logotipo, eslogan o signo distintivo pertenecientes a ARCUSIN o a terceros (a excepci\u00f3n hecha de aquellos signos que formen parte del mismo hiperenlaces) salvo autorizaci\u00f3n expresa de los afectados.<\/li><\/ul><ul><li>El establecimiento del link no supone relaci\u00f3n alguna entre el titular u operador del web site desde el que se realice y ARCUSIN ni implica conocimiento, autorizaci\u00f3n ni consentimiento de ARCUSIN sobre los contenidos del web site desde el que se establezca el enlace.<\/li><\/ul><p>El RESPONSABLE no se hace responsable de la informaci\u00f3n y contenidos almacenados, a t\u00edtulo enunciativo pero no limitativo, en foros, chats, generadores de blogs, comentarios, redes sociales o cualquier otro medio que permita a terceros publicar contenidos de forma independiente en la p\u00e1gina web del RESPONSABLE. Sin embargo, y en cumplimiento de lo dispuesto en los art\u00edculos 11 y 16 de la LSSICE, se pone a disposici\u00f3n de todos los usuarios, autoridades y fuerzas de seguridad, colaborando de forma activa en la retirada o, en su caso, bloqueo de todos aquellos contenidos que puedan afectar o contravenir la legislaci\u00f3n nacional o internacional, los derechos de terceros o la moral y el orden p\u00fablico. En caso de que el usuario considere que existe en el sitio web alg\u00fan contenido que pudiera ser susceptible de esta clasificaci\u00f3n, se ruega lo notifique de forma inmediata al administrador del sitio web.<\/p><p>Este sitio web se ha revisado y probado para que funcione correctamente. En principio, puede garantizarse el correcto funcionamiento los 365 d\u00edas del a\u00f1o, 24 horas al d\u00eda. Sin embargo, el RESPONSABLE no descarta la posibilidad de que existan ciertos errores de programaci\u00f3n, o que acontezcan causas de fuerza mayor, cat\u00e1strofes naturales, huelgas o circunstancias semejantes que hagan imposible el acceso a la p\u00e1gina web.<\/p><p>Direcciones IP<\/p><p>Los servidores del sitio web podr\u00e1n detectar de manera autom\u00e1tica la direcci\u00f3n IP y el nombre de dominio utilizados por el usuario. Una direcci\u00f3n IP es un n\u00famero asignado autom\u00e1ticamente a un ordenador cuando este se conecta a Internet. Toda esta informaci\u00f3n se registra en un fichero de actividad del servidor que permite el posterior procesamiento de los datos con el fin de obtener mediciones \u00fanicamente estad\u00edsticas que permitan conocer el n\u00famero de impresiones de p\u00e1ginas, el n\u00famero de visitas realizadas a los servidores web, el orden de visitas, el punto de acceso, etc.<\/p><p>\u00a0<\/p><ol start=\"4\"><li><b> LEY APLICABLE Y JURISDICCI\u00d3N<\/b><\/li><\/ol><p>Para la resoluci\u00f3n de todas las controversias o cuestiones relacionadas con el presente sitio web o de las actividades en \u00e9l desarrolladas, ser\u00e1 de aplicaci\u00f3n la legislaci\u00f3n espa\u00f1ola, a la que se someten expresamente las partes, siendo competentes para la resoluci\u00f3n de todos los conflictos derivados o relacionados con su uso los Juzgados y Tribunales de la ciudad de Lleida (Espa\u00f1a).<\/p>\t\t\t\t\t\t\t\t<\/div>\n\t\t\t\t<\/div>\n\t\t\t\t\t<\/div>\n\t\t<\/div>\n\t\t\t\t\t<\/div>\n\t\t<\/section>\n\t\t\t\t<\/div>\n\t\t","protected":false},"excerpt":{"rendered":"<p>Nota Legal LEY DE LOS SERVICIOS DE LA SOCIEDAD DE LA INFORMACI\u00d3N (LSSI) LEY DE LOS SERVICIOS DE LA SOCIEDAD DE LA INFORMACI\u00d3N (LSSI) ARCUSIN S.A., responsable del sitio web, en adelante RESPONSABLE, pone a disposici\u00f3n de los usuarios el presente documento, con el que pretende dar cumplimiento a las obligaciones dispuestas en la Ley 34\/2002, de 11 de julio, de Servicios de la Sociedad de la Informaci\u00f3n y de Comercio Electr\u00f3nico (LSSICE), BOE N.\u00ba 166, as\u00ed como informar a todos los usuarios del sitio web respecto a cu\u00e1les son las condiciones de uso. Toda persona que acceda a este sitio web asume el papel de usuario, comprometi\u00e9ndose a la observancia y cumplimiento riguroso de las disposiciones aqu\u00ed dispuestas, as\u00ed como a cualquier otra disposici\u00f3n legal que fuera de aplicaci\u00f3n. Condiciones de Uso Quien acceda al sitio web de ARCUSIN (usuario) lo hace bajo su exclusiva responsabilidad y con plena aceptaci\u00f3n de las presentes condiciones de uso, as\u00ed como de cualquier otra que se haga constar en el mismo, y se compromete a realizar un uso leal de los servicios, medios e informaci\u00f3n que se ponen a su alcance comprometi\u00e9ndose a no realizar ninguna actividad il\u00edcita, ilegal o contraria a la buena fe, los usos com\u00fanmente aceptados y el orden p\u00fablico. El Usuario responder\u00e1 de los da\u00f1os y perjuicios de toda naturaleza que ARCUSIN pueda sufrir como consecuencia del incumplimiento de cualquiera de las obligaciones a las que queda sometido por las presentes condiciones. Especialmente el usuario se compromete a: \u2022 No realizar ninguna actividad que pueda perjudicar directa o indirectamente a ARCUSIN o al uso y acceso al presente web site. \u2022 No reproducir, distribuir ni modificar los contenidos del presente web site sin la debida autorizaci\u00f3n, ni vulnerar ning\u00fan derecho sobre los mismos pertenecientes a ARCUSIN o a sus leg\u00edtimos titulares \u2022 No utilizar los contenidos de este web site con fines comerciales o publicitarios. \u2022 No tratar de acceder a los contenidos del web site empleando medios o procedimientos diferentes a los puestos a su disposici\u00f3n al efecto o a los habitualmente empleados en la red siempre que no entra\u00f1en un riesgo para el web site. ARCUSIN se reserva el derecho a modificar unilateralmente y en cualquier momento las condiciones de uso de su sitio web reserv\u00e1ndose igualmente el derecho a suspender, interrumpir o dejar sin funcionamiento su sitio web o cualquiera de los contenidos, informaci\u00f3n o servicios que en \u00e9l se prestan, as\u00ed como las condiciones de acceso a los mismos. \u00a0 DATOS IDENTIFICATIVOS Nombre de dominio: www.arcusin.com\/ Nombre comercial: ARCUSIN Denominaci\u00f3n social: ARCUSIN S.A. CIF: A25013798 Domicilio social: Pol\u00edgon Industrial Pla d&#8217;Urgell &#8211; Av. Merlet, 8 &#8211; 25245 VILA-SANA Lleida (Espanya) Tel\u00e9fono: 973 71 28 55 E-mail: proteccion@www.arcusin.com Registre Mercantil de Lleida, hoja 672, folio 67, tomo 77, libro 49, inscripci\u00f3n 1\u00aa \u00a0 DERECHOS DE PROPIEDAD INTELECTUAL E INDUSTRIAL El sitio web, incluyendo a t\u00edtulo enunciativo pero no limitativo su programaci\u00f3n, edici\u00f3n, compilaci\u00f3n y dem\u00e1s elementos necesarios para su funcionamiento, los dise\u00f1os, logotipos, texto y\/o gr\u00e1ficos, son propiedad del RESPONSABLE o, si es el caso, dispone de licencia o autorizaci\u00f3n expresa por parte de los autores. Todos los contenidos del sitio web se encuentran debidamente protegidos por la normativa de propiedad intelectual e industrial, as\u00ed como inscritos en los registros p\u00fablicos correspondientes. Independientemente de la finalidad para la que fueran destinados, la reproducci\u00f3n total o parcial, uso, explotaci\u00f3n, distribuci\u00f3n y comercializaci\u00f3n, requiere en todo caso la autorizaci\u00f3n escrita previa por parte del RESPONSABLE. Cualquier uso no autorizado previamente se considera un incumplimiento grave de los derechos de propiedad intelectual o industrial del autor. Los dise\u00f1os, logotipos, texto y\/o gr\u00e1ficos ajenos al RESPONSABLE y que pudieran aparecer en el sitio web, pertenecen a sus respectivos propietarios, siendo ellos mismos responsables de cualquier posible controversia que pudiera suscitarse respecto a los mismos. El RESPONSABLE autoriza expresamente a que terceros puedan redirigir directamente a los contenidos concretos del sitio web, y en todo caso redirigir al sitio web principal de www.arcusin.com\/. El RESPONSABLE reconoce a favor de sus titulares los correspondientes derechos de propiedad intelectual e industrial, no implicando su sola menci\u00f3n o aparici\u00f3n en el sitio web la existencia de derechos o responsabilidad alguna sobre los mismos, como tampoco respaldo, patrocinio o recomendaci\u00f3n por parte del mismo. Para realizar cualquier tipo de observaci\u00f3n respecto a posibles incumplimientos de los derechos de propiedad intelectual o industrial, as\u00ed como sobre cualquiera de los contenidos del sitio web, puede hacerlo a trav\u00e9s del correo electr\u00f3nicoproteccion@www.arcusin.com. \u00a0 EXENCI\u00d3N DE RESPONSABILIDADES El RESPONSABLE se exime de cualquier tipo de responsabilidad derivada de la informaci\u00f3n publicada en su sitio web siempre que no tenga conocimiento efectivo de que esta informaci\u00f3n haya sido manipulada o introducida por un tercero ajeno al mismo o, si lo tiene, haya actuado con diligencia para retirar los datos o hacer imposible el acceso a ellos. Uso de Cookies Este sitio web puede utilizar cookies t\u00e9cnicas (peque\u00f1os archivos de informaci\u00f3n que el servidor env\u00eda al ordenador de quien accede a la p\u00e1gina) para llevar a cabo determinadas funciones que son consideradas imprescindibles para el correcto funcionamiento y visualizaci\u00f3n del sitio. Las cookies utilizadas tienen, en todo caso, car\u00e1cter temporal, con la \u00fanica finalidad de hacer m\u00e1s eficaz la navegaci\u00f3n, y desaparecen al terminar la sesi\u00f3n del usuario. En ning\u00fan caso, estas cookies proporcionan por s\u00ed mismas datos de car\u00e1cter personal y no se utilizar\u00e1n para la recogida de los mismos. Mediante el uso de cookies tambi\u00e9n es posible que el servidor donde se encuentra la web reconozca el navegador utilizado por el usuario con la finalidad de que la navegaci\u00f3n sea m\u00e1s sencilla, permitiendo, por ejemplo, el acceso de los usuarios que se hayan registrado previamente a las \u00e1reas, servicios, promociones o concursos reservados exclusivamente a ellos sin tener que registrarse en cada visita. Tambi\u00e9n se pueden utilizar para medir la audiencia, par\u00e1metros de tr\u00e1fico, controlar el progreso y n\u00famero de entradas, etc., siendo en estos casos cookies prescindibles t\u00e9cnicamente, pero beneficiosas para el usuario. Este sitio web<\/p>\n","protected":false},"author":156,"featured_media":0,"parent":0,"menu_order":0,"comment_status":"closed","ping_status":"closed","template":"elementor_header_footer","meta":{"content-type":"","footnotes":""},"class_list":["post-37349","page","type-page","status-publish","hentry"],"_links":{"self":[{"href":"https:\/\/arcusin.isocialdev.com\/es\/wp-json\/wp\/v2\/pages\/37349","targetHints":{"allow":["GET"]}}],"collection":[{"href":"https:\/\/arcusin.isocialdev.com\/es\/wp-json\/wp\/v2\/pages"}],"about":[{"href":"https:\/\/arcusin.isocialdev.com\/es\/wp-json\/wp\/v2\/types\/page"}],"author":[{"embeddable":true,"href":"https:\/\/arcusin.isocialdev.com\/es\/wp-json\/wp\/v2\/users\/156"}],"replies":[{"embeddable":true,"href":"https:\/\/arcusin.isocialdev.com\/es\/wp-json\/wp\/v2\/comments?post=37349"}],"version-history":[{"count":3,"href":"https:\/\/arcusin.isocialdev.com\/es\/wp-json\/wp\/v2\/pages\/37349\/revisions"}],"predecessor-version":[{"id":72667,"href":"https:\/\/arcusin.isocialdev.com\/es\/wp-json\/wp\/v2\/pages\/37349\/revisions\/72667"}],"wp:attachment":[{"href":"https:\/\/arcusin.isocialdev.com\/es\/wp-json\/wp\/v2\/media?parent=37349"}],"curies":[{"name":"wp","href":"https:\/\/api.w.org\/{rel}","templated":true}]}}