{"id":38545,"date":"2022-12-28T10:12:30","date_gmt":"2022-12-28T09:12:30","guid":{"rendered":"https:\/\/arcusin.isocialdev.com\/privacy-policy\/"},"modified":"2023-06-05T07:57:14","modified_gmt":"2023-06-05T07:57:14","slug":"datenschutz-bestimmungen","status":"publish","type":"page","link":"https:\/\/arcusin.isocialdev.com\/de\/datenschutz-bestimmungen\/","title":{"rendered":"Privacy Policy"},"content":{"rendered":"\t\t<div data-elementor-type=\"wp-page\" data-elementor-id=\"38545\" class=\"elementor elementor-38545 elementor-9913\" data-elementor-post-type=\"page\">\n\t\t\t\t\t\t<section class=\"elementor-section elementor-top-section elementor-element elementor-element-5178b25 elementor-section-boxed elementor-section-height-default elementor-section-height-default wpr-particle-no wpr-jarallax-no wpr-parallax-no wpr-sticky-section-no wpr-equal-height-no\" data-id=\"5178b25\" data-element_type=\"section\" data-e-type=\"section\">\n\t\t\t\t\t\t<div class=\"elementor-container elementor-column-gap-default\">\n\t\t\t\t\t<div class=\"elementor-column elementor-col-100 elementor-top-column elementor-element elementor-element-e4840da\" data-id=\"e4840da\" data-element_type=\"column\" data-e-type=\"column\" data-settings=\"{&quot;background_background&quot;:&quot;classic&quot;}\">\n\t\t\t<div class=\"elementor-widget-wrap elementor-element-populated\">\n\t\t\t\t\t\t<div class=\"elementor-element elementor-element-5d9491d elementor-widget elementor-widget-heading\" data-id=\"5d9491d\" data-element_type=\"widget\" data-e-type=\"widget\" data-widget_type=\"heading.default\">\n\t\t\t\t<div class=\"elementor-widget-container\">\n\t\t\t\t\t<h2 class=\"elementor-heading-title elementor-size-default\">DATENSCHUTZ-BESTIMMUNGEN <\/h2>\t\t\t\t<\/div>\n\t\t\t\t<\/div>\n\t\t\t\t\t<\/div>\n\t\t<\/div>\n\t\t\t\t\t<\/div>\n\t\t<\/section>\n\t\t\t\t<section class=\"elementor-section elementor-top-section elementor-element elementor-element-a47fe84 elementor-section-boxed elementor-section-height-default elementor-section-height-default wpr-particle-no wpr-jarallax-no wpr-parallax-no wpr-sticky-section-no wpr-equal-height-no\" data-id=\"a47fe84\" data-element_type=\"section\" data-e-type=\"section\">\n\t\t\t\t\t\t<div class=\"elementor-container elementor-column-gap-default\">\n\t\t\t\t\t<div class=\"elementor-column elementor-col-100 elementor-top-column elementor-element elementor-element-bf75e7c\" data-id=\"bf75e7c\" data-element_type=\"column\" data-e-type=\"column\">\n\t\t\t<div class=\"elementor-widget-wrap elementor-element-populated\">\n\t\t\t\t\t\t<div class=\"elementor-element elementor-element-1ceb4f7 elementor-widget elementor-widget-text-editor\" data-id=\"1ceb4f7\" data-element_type=\"widget\" data-e-type=\"widget\" data-widget_type=\"text-editor.default\">\n\t\t\t\t<div class=\"elementor-widget-container\">\n\t\t\t\t\t\t\t\t\t<ol><li><b><span data-contrast=\"auto\"> INFORMATIONEN F\u00dcR DEN BENUTZER<\/span><\/b><\/li><\/ol><p><span data-contrast=\"auto\">Wer ist f\u00fcr die Verarbeitung Ihrer personenbezogenen Daten verantwortlich?<\/span><span data-ccp-props=\"{&quot;201341983&quot;:0,&quot;335559739&quot;:160,&quot;335559740&quot;:259}\">\u00a0<\/span><\/p><p><span data-contrast=\"auto\">ARCUSIN S.A. ist VERANTWORTLICH f\u00fcr die Verarbeitung der personenbezogenen Daten des BENUTZERS und informiert Sie dar\u00fcber, dass diese Daten gem\u00e4\u00df den Bestimmungen der Verordnung (EU) 2016\/679 vom 27. April (DSGVO) und des Organgesetzes 3\/2018 vom 5. Dezember verarbeitet werden (LOPDGDD).<\/span><span data-ccp-props=\"{&quot;201341983&quot;:0,&quot;335559739&quot;:160,&quot;335559740&quot;:259}\">\u00a0<\/span><\/p><p><span data-contrast=\"auto\">Warum verarbeiten wir Ihre personenbezogenen Daten und warum tun wir das?<\/span><span data-ccp-props=\"{&quot;201341983&quot;:0,&quot;335559739&quot;:160,&quot;335559740&quot;:259}\">\u00a0<\/span><\/p><p><span data-contrast=\"auto\">Gem\u00e4\u00df dem Formular, in dem wir Ihre personenbezogenen Daten erhalten haben, werden wir sie vertraulich behandeln, um die folgenden Zwecke zu erreichen:<\/span><span data-ccp-props=\"{&quot;201341983&quot;:0,&quot;335559739&quot;:160,&quot;335559740&quot;:259}\">\u00a0<\/span><\/p><p><span data-contrast=\"auto\">Im Kontaktformular<\/span><span data-ccp-props=\"{&quot;201341983&quot;:0,&quot;335559739&quot;:160,&quot;335559740&quot;:259}\">\u00a0<\/span><\/p><ul><li><span data-contrast=\"auto\"> Beantwortung von Anfragen oder Anfragen jeglicher Art, die vom Benutzer \u00fcber eines der Kontaktformulare gestellt werden, die auf der Website des Verantwortlichen zur Verf\u00fcgung gestellt werden.<\/span><\/li><\/ul><p><span data-contrast=\"auto\">(aus berechtigtem Interesse des Verantwortlichen, Art. 6 Abs. 1 lit. f DSGVO)<\/span><span data-ccp-props=\"{&quot;201341983&quot;:0,&quot;335559739&quot;:160,&quot;335559740&quot;:259}\">\u00a0<\/span><\/p><ul><li><span data-contrast=\"auto\"> Versenden von kommerziellen Werbemitteilungen per E-Mail, Fax, SMS, MMS, sozialen Netzwerken oder anderen gegenw\u00e4rtigen oder zuk\u00fcnftigen elektronischen oder physischen Mitteln, die es erm\u00f6glichen, kommerzielle Mitteilungen durchzuf\u00fchren. Diese Mitteilungen werden von der verantwortlichen Person gemacht und beziehen sich auf ihre Produkte und Dienstleistungen oder ihre Mitarbeiter oder Lieferanten, mit denen sie eine Werbevereinbarung getroffen haben. In diesem Fall haben Dritte niemals Zugriff auf personenbezogene Daten. (mit Zustimmung des Interessenten, 6.1.a DSGVO)<\/span><\/li><li><span data-contrast=\"auto\"> Durchf\u00fchrung statistischer Analysen und Marktforschung.<\/span><\/li><\/ul><p><span data-contrast=\"auto\">(aus berechtigtem Interesse des Verantwortlichen, Art. 6 Abs. 1 lit. f DSGVO)<\/span><span data-ccp-props=\"{&quot;201341983&quot;:0,&quot;335559739&quot;:160,&quot;335559740&quot;:259}\">\u00a0<\/span><\/p><p><span data-ccp-props=\"{&quot;201341983&quot;:0,&quot;335559739&quot;:160,&quot;335559740&quot;:259}\">\u00a0<\/span><\/p><p><b><span data-contrast=\"auto\">Im Newsletter-Formular<\/span><\/b><span data-ccp-props=\"{&quot;201341983&quot;:0,&quot;335559739&quot;:160,&quot;335559740&quot;:259}\">\u00a0<\/span><\/p><ul><li><span data-contrast=\"auto\"> Senden Sie Newsletter, Neuigkeiten, Angebote und Online-Aktionen.<\/span><\/li><\/ul><p><span data-contrast=\"auto\">(mit Zustimmung des Interessenten, 6.1.a DSGVO)<\/span><span data-ccp-props=\"{&quot;201341983&quot;:0,&quot;335559739&quot;:160,&quot;335559740&quot;:259}\">\u00a0<\/span><\/p><p><span data-contrast=\"auto\">Wie lange werden wir Ihre personenbezogenen Daten aufbewahren?<\/span><span data-ccp-props=\"{&quot;201341983&quot;:0,&quot;335559739&quot;:160,&quot;335559740&quot;:259}\">\u00a0<\/span><\/p><p><span data-contrast=\"auto\">Sie werden nur so lange aufbewahrt, wie es zur Aufrechterhaltung des Behandlungszwecks erforderlich ist oder gesetzliche Vorschriften ihre Aufbewahrung vorschreiben, und wenn dies nicht mehr erforderlich ist, werden sie mit angemessenen Sicherheitsma\u00dfnahmen gel\u00f6scht, um die Anonymisierung der Daten zu gew\u00e4hrleisten Daten oder die vollst\u00e4ndige Vernichtung der Daten.<\/span><span data-ccp-props=\"{&quot;201341983&quot;:0,&quot;335559739&quot;:160,&quot;335559740&quot;:259}\">\u00a0<\/span><\/p><p><span data-ccp-props=\"{&quot;201341983&quot;:0,&quot;335559739&quot;:160,&quot;335559740&quot;:259}\">\u00a0<\/span><\/p><p><b><span data-contrast=\"auto\">Wem geben wir Ihre personenbezogenen Daten weiter?<\/span><\/b><span data-ccp-props=\"{&quot;201341983&quot;:0,&quot;335559739&quot;:160,&quot;335559740&quot;:259}\">\u00a0<\/span><\/p><p><span data-contrast=\"auto\">Es ist keine Weitergabe personenbezogener Daten an Dritte vorgesehen, au\u00dfer, falls dies f\u00fcr die Entwicklung und Ausf\u00fchrung der Behandlungszwecke erforderlich ist, an unsere Anbieter von Kommunikationsdiensten, mit denen die VERANTWORTLICHE PARTEI die Vertraulichkeits- und Datenverwaltungsvertr\u00e4ge unterzeichnet hat nach den aktuellen Datenschutzbestimmungen erforderlich.<\/span><span data-ccp-props=\"{&quot;201341983&quot;:0,&quot;335559739&quot;:160,&quot;335559740&quot;:259}\">\u00a0<\/span><\/p><p><span data-ccp-props=\"{&quot;201341983&quot;:0,&quot;335559739&quot;:160,&quot;335559740&quot;:259}\">\u00a0<\/span><\/p><p><b><span data-contrast=\"auto\">Welche Rechte haben Sie?<\/span><\/b><span data-ccp-props=\"{&quot;201341983&quot;:0,&quot;335559739&quot;:160,&quot;335559740&quot;:259}\">\u00a0<\/span><\/p><p><span data-contrast=\"auto\">Die Rechte, die dem BENUTZER helfen, sind:<\/span><span data-ccp-props=\"{&quot;201341983&quot;:0,&quot;335559739&quot;:160,&quot;335559740&quot;:259}\">\u00a0<\/span><\/p><ul><li><span data-contrast=\"auto\"> Recht auf jederzeitigen Widerruf der Einwilligung.<\/span><\/li><li><span data-contrast=\"auto\"> Recht auf Zugang, Berichtigung, \u00dcbertragbarkeit und L\u00f6schung Ihrer Daten sowie Einschr\u00e4nkung oder Widerspruch gegen ihre Behandlung.<\/span><\/li><li><span data-contrast=\"auto\"> Das Recht, eine Beschwerde bei der Kontrollbeh\u00f6rde (www.aepd.es) einzureichen, wenn Sie der Meinung sind, dass die Behandlung nicht den geltenden Vorschriften entspricht.<\/span><\/li><\/ul><p><span data-ccp-props=\"{&quot;201341983&quot;:0,&quot;335559739&quot;:160,&quot;335559740&quot;:259}\">\u00a0<\/span><\/p><p><b><span data-contrast=\"auto\">Kontaktdaten zur Aus\u00fcbung Ihrer Rechte:<\/span><\/b><span data-ccp-props=\"{&quot;201341983&quot;:0,&quot;335559739&quot;:160,&quot;335559740&quot;:259}\">\u00a0<\/span><\/p><p><span data-contrast=\"auto\">ARCUSIN S.A. Poligono Ind. Pla de Urgell, Avda. Merlet, 8 &#8211; 25245 Vilasana (Lleida). <\/span><span data-contrast=\"auto\">E-Mail: proteccion@www.arcusin.com<\/span><span data-ccp-props=\"{&quot;201341983&quot;:0,&quot;335559739&quot;:160,&quot;335559740&quot;:259}\">\u00a0<\/span><\/p><p><span data-ccp-props=\"{&quot;201341983&quot;:0,&quot;335559739&quot;:160,&quot;335559740&quot;:259}\">\u00a0<\/span><\/p><ol start=\"2\"><li><b><span data-contrast=\"auto\"> OBLIGATORISCHE ODER OPTIONALE ART DER VOM BENUTZER ZUR VERF\u00dcGUNG GESTELLTEN INFORMATIONEN<\/span><\/b><\/li><\/ol><p><span data-contrast=\"auto\">NUTZER akzeptieren durch Ankreuzen der entsprechenden K\u00e4stchen und Eingabe von Daten in die mit einem Sternchen (*) gekennzeichneten Felder im Kontaktformular oder in Downloadformularen ausdr\u00fccklich und frei und unmissverst\u00e4ndlich, dass ihre Daten Sie sind erforderlich, um Ihre Anfrage zu erf\u00fcllen, durch die Anbieter, wobei die Angabe von Daten in den \u00fcbrigen Feldern freiwillig ist. Der BENUTZER garantiert, dass die dem VERANTWORTLICHEN zur Verf\u00fcgung gestellten personenbezogenen Daten der Wahrheit entsprechen, und ist daf\u00fcr verantwortlich, \u00c4nderungen daran mitzuteilen.<\/span><span data-ccp-props=\"{&quot;201341983&quot;:0,&quot;335559739&quot;:160,&quot;335559740&quot;:259}\">\u00a0<\/span><\/p><p><span data-contrast=\"auto\">Der VERANTWORTLICHE informiert, dass alle \u00fcber die Website angeforderten Daten obligatorisch sind, da sie f\u00fcr die Bereitstellung eines optimalen Dienstes f\u00fcr den BENUTZER erforderlich sind. F\u00fcr den Fall, dass nicht alle Daten bereitgestellt werden, ist nicht gew\u00e4hrleistet, dass die bereitgestellten Informationen und Dienste vollst\u00e4ndig auf Ihre Bed\u00fcrfnisse zugeschnitten sind.<\/span><span data-ccp-props=\"{&quot;201341983&quot;:0,&quot;335559739&quot;:160,&quot;335559740&quot;:259}\">\u00a0<\/span><\/p><p><span data-ccp-props=\"{&quot;201341983&quot;:0,&quot;335559739&quot;:160,&quot;335559740&quot;:259}\">\u00a0<\/span><\/p><ol start=\"3\"><li><b><span data-contrast=\"auto\"> SICHERHEITSMASSNAHMEN<\/span><\/b><\/li><\/ol><p><span data-contrast=\"auto\">Dass der VERANTWORTLICHE gem\u00e4\u00df den Bestimmungen der geltenden Vorschriften zum Schutz personenbezogener Daten alle Bestimmungen der DSGVO und der LOPDGDD-Vorschriften f\u00fcr die Verarbeitung personenbezogener Daten, f\u00fcr die er verantwortlich ist, und offensichtlich die in Artikel beschriebenen Grunds\u00e4tze einh\u00e4lt 5 der DSGVO, f\u00fcr die sie in rechtm\u00e4\u00dfiger, loyaler und transparenter Weise in Bezug auf die betroffene Partei behandelt werden und angemessen, sachdienlich und auf das Notwendige in Bezug auf die Zwecke beschr\u00e4nkt sind, f\u00fcr die sie behandelt werden.<\/span><span data-ccp-props=\"{&quot;201341983&quot;:0,&quot;335559739&quot;:160,&quot;335559740&quot;:259}\">\u00a0<\/span><\/p><p><span data-contrast=\"auto\">Der VERANTWORTLICHE garantiert, dass er geeignete technische und organisatorische Richtlinien implementiert hat, um die durch die DSGVO und die LOPDGDD festgelegten Sicherheitsma\u00dfnahmen anzuwenden, um die Rechte und Freiheiten der BENUTZER zu sch\u00fctzen, und die entsprechenden Informationen \u00fcbermittelt hat, damit sie diese aus\u00fcben k\u00f6nnen.<\/span><span data-ccp-props=\"{&quot;201341983&quot;:0,&quot;335559739&quot;:160,&quot;335559740&quot;:259}\">\u00a0<\/span><\/p><p><span data-contrast=\"auto\">F\u00fcr weitere Informationen \u00fcber Datenschutzgarantien k\u00f6nnen Sie den VERANTWORTLICHEN \u00fcber ARCUSIN S.A. Poligono Ind. Pla de Urgell, Avda. Merlet, 8 &#8211; 25245 Vilasana (Lleida) kontaktieren. E-Mail: proteccion@www.arcusin.com<\/span><span data-ccp-props=\"{&quot;201341983&quot;:0,&quot;335559739&quot;:160,&quot;335559740&quot;:259}\">\u00a0<\/span><\/p>\t\t\t\t\t\t\t\t<\/div>\n\t\t\t\t<\/div>\n\t\t\t\t\t<\/div>\n\t\t<\/div>\n\t\t\t\t\t<\/div>\n\t\t<\/section>\n\t\t\t\t<\/div>\n\t\t","protected":false},"excerpt":{"rendered":"<p>DATENSCHUTZ-BESTIMMUNGEN INFORMATIONEN F\u00dcR DEN BENUTZER Wer ist f\u00fcr die Verarbeitung Ihrer personenbezogenen Daten verantwortlich?\u00a0 ARCUSIN S.A. ist VERANTWORTLICH f\u00fcr die Verarbeitung der personenbezogenen Daten des BENUTZERS und informiert Sie dar\u00fcber, dass diese Daten gem\u00e4\u00df den Bestimmungen der Verordnung (EU) 2016\/679 vom 27. April (DSGVO) und des Organgesetzes 3\/2018 vom 5. Dezember verarbeitet werden (LOPDGDD).\u00a0 Warum verarbeiten wir Ihre personenbezogenen Daten und warum tun wir das?\u00a0 Gem\u00e4\u00df dem Formular, in dem wir Ihre personenbezogenen Daten erhalten haben, werden wir sie vertraulich behandeln, um die folgenden Zwecke zu erreichen:\u00a0 Im Kontaktformular\u00a0 Beantwortung von Anfragen oder Anfragen jeglicher Art, die vom Benutzer \u00fcber eines der Kontaktformulare gestellt werden, die auf der Website des Verantwortlichen zur Verf\u00fcgung gestellt werden. (aus berechtigtem Interesse des Verantwortlichen, Art. 6 Abs. 1 lit. f DSGVO)\u00a0 Versenden von kommerziellen Werbemitteilungen per E-Mail, Fax, SMS, MMS, sozialen Netzwerken oder anderen gegenw\u00e4rtigen oder zuk\u00fcnftigen elektronischen oder physischen Mitteln, die es erm\u00f6glichen, kommerzielle Mitteilungen durchzuf\u00fchren. Diese Mitteilungen werden von der verantwortlichen Person gemacht und beziehen sich auf ihre Produkte und Dienstleistungen oder ihre Mitarbeiter oder Lieferanten, mit denen sie eine Werbevereinbarung getroffen haben. In diesem Fall haben Dritte niemals Zugriff auf personenbezogene Daten. (mit Zustimmung des Interessenten, 6.1.a DSGVO) Durchf\u00fchrung statistischer Analysen und Marktforschung. (aus berechtigtem Interesse des Verantwortlichen, Art. 6 Abs. 1 lit. f DSGVO)\u00a0 \u00a0 Im Newsletter-Formular\u00a0 Senden Sie Newsletter, Neuigkeiten, Angebote und Online-Aktionen. (mit Zustimmung des Interessenten, 6.1.a DSGVO)\u00a0 Wie lange werden wir Ihre personenbezogenen Daten aufbewahren?\u00a0 Sie werden nur so lange aufbewahrt, wie es zur Aufrechterhaltung des Behandlungszwecks erforderlich ist oder gesetzliche Vorschriften ihre Aufbewahrung vorschreiben, und wenn dies nicht mehr erforderlich ist, werden sie mit angemessenen Sicherheitsma\u00dfnahmen gel\u00f6scht, um die Anonymisierung der Daten zu gew\u00e4hrleisten Daten oder die vollst\u00e4ndige Vernichtung der Daten.\u00a0 \u00a0 Wem geben wir Ihre personenbezogenen Daten weiter?\u00a0 Es ist keine Weitergabe personenbezogener Daten an Dritte vorgesehen, au\u00dfer, falls dies f\u00fcr die Entwicklung und Ausf\u00fchrung der Behandlungszwecke erforderlich ist, an unsere Anbieter von Kommunikationsdiensten, mit denen die VERANTWORTLICHE PARTEI die Vertraulichkeits- und Datenverwaltungsvertr\u00e4ge unterzeichnet hat nach den aktuellen Datenschutzbestimmungen erforderlich.\u00a0 \u00a0 Welche Rechte haben Sie?\u00a0 Die Rechte, die dem BENUTZER helfen, sind:\u00a0 Recht auf jederzeitigen Widerruf der Einwilligung. Recht auf Zugang, Berichtigung, \u00dcbertragbarkeit und L\u00f6schung Ihrer Daten sowie Einschr\u00e4nkung oder Widerspruch gegen ihre Behandlung. Das Recht, eine Beschwerde bei der Kontrollbeh\u00f6rde (www.aepd.es) einzureichen, wenn Sie der Meinung sind, dass die Behandlung nicht den geltenden Vorschriften entspricht. \u00a0 Kontaktdaten zur Aus\u00fcbung Ihrer Rechte:\u00a0 ARCUSIN S.A. Poligono Ind. Pla de Urgell, Avda. Merlet, 8 &#8211; 25245 Vilasana (Lleida). E-Mail: proteccion@www.arcusin.com\u00a0 \u00a0 OBLIGATORISCHE ODER OPTIONALE ART DER VOM BENUTZER ZUR VERF\u00dcGUNG GESTELLTEN INFORMATIONEN NUTZER akzeptieren durch Ankreuzen der entsprechenden K\u00e4stchen und Eingabe von Daten in die mit einem Sternchen (*) gekennzeichneten Felder im Kontaktformular oder in Downloadformularen ausdr\u00fccklich und frei und unmissverst\u00e4ndlich, dass ihre Daten Sie sind erforderlich, um Ihre Anfrage zu erf\u00fcllen, durch die Anbieter, wobei die Angabe von Daten in den \u00fcbrigen Feldern freiwillig ist. Der BENUTZER garantiert, dass die dem VERANTWORTLICHEN zur Verf\u00fcgung gestellten personenbezogenen Daten der Wahrheit entsprechen, und ist daf\u00fcr verantwortlich, \u00c4nderungen daran mitzuteilen.\u00a0 Der VERANTWORTLICHE informiert, dass alle \u00fcber die Website angeforderten Daten obligatorisch sind, da sie f\u00fcr die Bereitstellung eines optimalen Dienstes f\u00fcr den BENUTZER erforderlich sind. F\u00fcr den Fall, dass nicht alle Daten bereitgestellt werden, ist nicht gew\u00e4hrleistet, dass die bereitgestellten Informationen und Dienste vollst\u00e4ndig auf Ihre Bed\u00fcrfnisse zugeschnitten sind.\u00a0 \u00a0 SICHERHEITSMASSNAHMEN Dass der VERANTWORTLICHE gem\u00e4\u00df den Bestimmungen der geltenden Vorschriften zum Schutz personenbezogener Daten alle Bestimmungen der DSGVO und der LOPDGDD-Vorschriften f\u00fcr die Verarbeitung personenbezogener Daten, f\u00fcr die er verantwortlich ist, und offensichtlich die in Artikel beschriebenen Grunds\u00e4tze einh\u00e4lt 5 der DSGVO, f\u00fcr die sie in rechtm\u00e4\u00dfiger, loyaler und transparenter Weise in Bezug auf die betroffene Partei behandelt werden und angemessen, sachdienlich und auf das Notwendige in Bezug auf die Zwecke beschr\u00e4nkt sind, f\u00fcr die sie behandelt werden.\u00a0 Der VERANTWORTLICHE garantiert, dass er geeignete technische und organisatorische Richtlinien implementiert hat, um die durch die DSGVO und die LOPDGDD festgelegten Sicherheitsma\u00dfnahmen anzuwenden, um die Rechte und Freiheiten der BENUTZER zu sch\u00fctzen, und die entsprechenden Informationen \u00fcbermittelt hat, damit sie diese aus\u00fcben k\u00f6nnen.\u00a0 F\u00fcr weitere Informationen \u00fcber Datenschutzgarantien k\u00f6nnen Sie den VERANTWORTLICHEN \u00fcber ARCUSIN S.A. Poligono Ind. Pla de Urgell, Avda. Merlet, 8 &#8211; 25245 Vilasana (Lleida) kontaktieren. E-Mail: proteccion@www.arcusin.com\u00a0<\/p>\n","protected":false},"author":156,"featured_media":0,"parent":0,"menu_order":0,"comment_status":"closed","ping_status":"closed","template":"elementor_header_footer","meta":{"content-type":"","footnotes":""},"class_list":["post-38545","page","type-page","status-publish","hentry"],"_links":{"self":[{"href":"https:\/\/arcusin.isocialdev.com\/de\/wp-json\/wp\/v2\/pages\/38545","targetHints":{"allow":["GET"]}}],"collection":[{"href":"https:\/\/arcusin.isocialdev.com\/de\/wp-json\/wp\/v2\/pages"}],"about":[{"href":"https:\/\/arcusin.isocialdev.com\/de\/wp-json\/wp\/v2\/types\/page"}],"author":[{"embeddable":true,"href":"https:\/\/arcusin.isocialdev.com\/de\/wp-json\/wp\/v2\/users\/156"}],"replies":[{"embeddable":true,"href":"https:\/\/arcusin.isocialdev.com\/de\/wp-json\/wp\/v2\/comments?post=38545"}],"version-history":[{"count":0,"href":"https:\/\/arcusin.isocialdev.com\/de\/wp-json\/wp\/v2\/pages\/38545\/revisions"}],"wp:attachment":[{"href":"https:\/\/arcusin.isocialdev.com\/de\/wp-json\/wp\/v2\/media?parent=38545"}],"curies":[{"name":"wp","href":"https:\/\/api.w.org\/{rel}","templated":true}]}}