{"id":37367,"date":"2022-12-28T09:02:00","date_gmt":"2022-12-28T08:02:00","guid":{"rendered":"https:\/\/arcusin.isocialdev.com\/rechtliche-warnung\/"},"modified":"2026-02-11T09:45:05","modified_gmt":"2026-02-11T08:45:05","slug":"rechtliche-warnung","status":"publish","type":"page","link":"https:\/\/arcusin.isocialdev.com\/de\/rechtliche-warnung\/","title":{"rendered":"Rechtliche Warnung"},"content":{"rendered":"\t\t<div data-elementor-type=\"wp-page\" data-elementor-id=\"37367\" class=\"elementor elementor-37367 elementor-9888\" data-elementor-post-type=\"page\">\n\t\t\t\t\t\t<section class=\"elementor-section elementor-top-section elementor-element elementor-element-02e7d2a elementor-section-boxed elementor-section-height-default elementor-section-height-default wpr-particle-no wpr-jarallax-no wpr-parallax-no wpr-sticky-section-no wpr-equal-height-no\" data-id=\"02e7d2a\" data-element_type=\"section\" data-e-type=\"section\">\n\t\t\t\t\t\t<div class=\"elementor-container elementor-column-gap-default\">\n\t\t\t\t\t<div class=\"elementor-column elementor-col-100 elementor-top-column elementor-element elementor-element-989db49\" data-id=\"989db49\" data-element_type=\"column\" data-e-type=\"column\" data-settings=\"{&quot;background_background&quot;:&quot;classic&quot;}\">\n\t\t\t<div class=\"elementor-widget-wrap elementor-element-populated\">\n\t\t\t\t\t\t<div class=\"elementor-element elementor-element-e5874ae elementor-widget elementor-widget-heading\" data-id=\"e5874ae\" data-element_type=\"widget\" data-e-type=\"widget\" data-widget_type=\"heading.default\">\n\t\t\t\t<div class=\"elementor-widget-container\">\n\t\t\t\t\t<h2 class=\"elementor-heading-title elementor-size-default\">Rechtlicher Hinweis<\/h2>\t\t\t\t<\/div>\n\t\t\t\t<\/div>\n\t\t\t\t\t<\/div>\n\t\t<\/div>\n\t\t\t\t\t<\/div>\n\t\t<\/section>\n\t\t\t\t<section class=\"elementor-section elementor-top-section elementor-element elementor-element-493f466 elementor-section-boxed elementor-section-height-default elementor-section-height-default wpr-particle-no wpr-jarallax-no wpr-parallax-no wpr-sticky-section-no wpr-equal-height-no\" data-id=\"493f466\" data-element_type=\"section\" data-e-type=\"section\">\n\t\t\t\t\t\t<div class=\"elementor-container elementor-column-gap-default\">\n\t\t\t\t\t<div class=\"elementor-column elementor-col-100 elementor-top-column elementor-element elementor-element-ab94d83\" data-id=\"ab94d83\" data-element_type=\"column\" data-e-type=\"column\">\n\t\t\t<div class=\"elementor-widget-wrap elementor-element-populated\">\n\t\t\t\t\t\t<div class=\"elementor-element elementor-element-2efa934 elementor-widget elementor-widget-heading\" data-id=\"2efa934\" data-element_type=\"widget\" data-e-type=\"widget\" data-widget_type=\"heading.default\">\n\t\t\t\t<div class=\"elementor-widget-container\">\n\t\t\t\t\t<h2 class=\"elementor-heading-title elementor-size-default\">GESETZ DER DIENSTLEISTUNGEN DER INFORMATIONSGESELLSCHAFT (LSSI)<\/h2>\t\t\t\t<\/div>\n\t\t\t\t<\/div>\n\t\t\t\t<div class=\"elementor-element elementor-element-09e4488 elementor-widget elementor-widget-text-editor\" data-id=\"09e4488\" data-element_type=\"widget\" data-e-type=\"widget\" data-widget_type=\"text-editor.default\">\n\t\t\t\t<div class=\"elementor-widget-container\">\n\t\t\t\t\t\t\t\t\t<p><b>GESETZ DER DIENSTLEISTUNGEN DER INFORMATIONSGESELLSCHAFT (LSSI)<\/b><\/p><p>ARCUSIN S.A., verantwortlich f\u00fcr die Website, im Folgenden VERANTWORTLICH, stellt dieses Dokument den Benutzern zur Verf\u00fcgung, mit denen es beabsichtigt, den Verpflichtungen nachzukommen, die im Gesetz 34\/2002 vom 11. Juli \u00fcber Dienste der Gesellschaft f\u00fcr Information und elektronischen Handel ( LSSICE), BOE Nr. 166, sowie die Information aller Benutzer der Website \u00fcber die Nutzungsbedingungen.<\/p><p>Jede Person, die auf diese Website zugreift, \u00fcbernimmt die Rolle des Benutzers und verpflichtet sich zur Einhaltung und strikten Einhaltung der hierin enthaltenen Bestimmungen sowie aller anderen anwendbaren gesetzlichen Bestimmungen.<\/p><p>Nutzungsbedingungen<\/p><p>Wer auf die ARCUSIN-Website zugreift (Benutzer), tut dies auf eigene Verantwortung und unter vollst\u00e4ndiger Annahme dieser Nutzungsbedingungen sowie aller anderen darin enthaltenen Bedingungen und verpflichtet sich, die bereitgestellten Dienste, Mittel und Informationen fair zu nutzen Ihnen zur Verf\u00fcgung stehen, indem Sie sich verpflichten, keine unerlaubten, rechtswidrigen oder gegen Treu und Glauben, allgemein anerkannte Verwendungen und die \u00f6ffentliche Ordnung versto\u00dfenden Aktivit\u00e4ten durchzuf\u00fchren.<\/p><p>Der Benutzer haftet f\u00fcr Sch\u00e4den jeglicher Art, die ARCUSIN infolge der Verletzung einer der Verpflichtungen entstehen, denen er sich aus diesen Bedingungen unterwirft.<\/p><p>Insbesondere stimmt der Benutzer zu:<\/p><ul><li>Keine Aktivit\u00e4ten ausf\u00fchren, die ARCUSIN oder der Nutzung und dem Zugriff auf diese Website direkt oder indirekt schaden k\u00f6nnten.<\/li><li>Vervielf\u00e4ltigen, verbreiten oder modifizieren Sie die Inhalte dieser Website nicht ohne entsprechende Genehmigung und verletzen Sie keine Rechte von ARCUSIN oder seinen rechtm\u00e4\u00dfigen Eigent\u00fcmern.<\/li><li>Verwenden Sie die Inhalte dieser Website nicht f\u00fcr kommerzielle oder Werbezwecke.<\/li><li>Versuchen Sie nicht, auf die Inhalte der Website mit anderen Mitteln oder Verfahren zuzugreifen als denen, die f\u00fcr diesen Zweck zur Verf\u00fcgung gestellt werden oder die normalerweise im Netzwerk verwendet werden, vorausgesetzt, dass sie kein Risiko f\u00fcr die Website darstellen.<\/li><\/ul><p>ARCUSIN beh\u00e4lt sich das Recht vor, die Nutzungsbedingungen seiner Website jederzeit einseitig zu \u00e4ndern, und beh\u00e4lt sich au\u00dferdem das Recht vor, seine Website oder einen der darauf bereitgestellten Inhalte, Informationen oder Dienste sowie die Bedingungen von auszusetzen, zu unterbrechen oder unbrauchbar zu machen Zugang zu ihnen.<\/p><p>\u00a0<\/p><ol><li><b> IDENTIFIZIERUNGSDATEN<\/b><\/li><\/ol><p>Dom\u00e4nenname: www.arcusin.com\/<\/p><p>Handelsname: ARCUSIN<\/p><p>Firmenname: ARCUSIN S.A.<\/p><p>CIF: A25013798<\/p><p>Eingetragener Sitz: Pol\u00edgon Industrial Pla d&#8217;Urgell &#8211; Av. Merlet, 8 &#8211; 25245 VILA-SANA Lleida (Spanien)<\/p><p>Telefon: 973 71 28 55<\/p><p>E-mail: proteccion@www.arcusin.com<\/p><p>Handelsregister von Lleida, Seite 672, Seite 67, Band 77, Buch 49, 1. Eintrag.<\/p><p>\u00a0<\/p><ol start=\"2\"><li><b> GEISTIGE UND GEWERBLICHE EIGENTUMSRECHTE<\/b><\/li><\/ol><p>Die Website, einschlie\u00dflich, aber nicht beschr\u00e4nkt auf ihre Programmierung, Bearbeitung, Zusammenstellung und andere f\u00fcr ihren Betrieb notwendige Elemente, die Designs, Logos, Texte und\/oder Grafiken, sind Eigentum des VERANTWORTLICHEN oder, falls zutreffend, lizenziert oder ausdr\u00fccklich autorisiert vom Autoren. Alle Inhalte der Website sind ordnungsgem\u00e4\u00df durch die Vorschriften \u00fcber geistiges und gewerbliches Eigentum gesch\u00fctzt und in den entsprechenden \u00f6ffentlichen Registern eingetragen.<\/p><p>Unabh\u00e4ngig von dem Zweck, f\u00fcr den sie bestimmt waren, bedarf die vollst\u00e4ndige oder teilweise Vervielf\u00e4ltigung, Nutzung, Verwertung, Verbreitung und Vermarktung in jedem Fall der vorherigen schriftlichen Genehmigung des VERANTWORTLICHEN. Jede nicht zuvor genehmigte Nutzung gilt als schwerwiegende Verletzung der geistigen oder gewerblichen Eigentumsrechte des Urhebers.<\/p><p>Die Designs, Logos, Texte und\/oder Grafiken au\u00dferhalb des CONTROLLERS, die m\u00f6glicherweise auf der Website erscheinen, geh\u00f6ren ihren jeweiligen Eigent\u00fcmern, die selbst f\u00fcr m\u00f6gliche Kontroversen verantwortlich sind, die sich in Bezug auf sie ergeben k\u00f6nnen. Der VERANTWORTLICHE gestattet Dritten ausdr\u00fccklich, direkt auf die spezifischen Inhalte der Website umzuleiten und in jedem Fall auf die Hauptwebsite von www.arcusin.com\/ umzuleiten.<\/p><p>Der VERANTWORTLICHE erkennt die entsprechenden geistigen und gewerblichen Eigentumsrechte zugunsten ihrer Eigent\u00fcmer an, ihre blo\u00dfe Erw\u00e4hnung oder ihr Erscheinen auf der Website impliziert nicht das Bestehen von Rechten oder Verantwortung f\u00fcr sie, noch impliziert sie eine Billigung, F\u00f6rderung oder Empfehlung durch dieselben.<\/p><p>Um jede Art von Beobachtung bez\u00fcglich m\u00f6glicher Verletzungen von Rechten an geistigem oder gewerblichem Eigentum sowie der Inhalte der Website zu machen, k\u00f6nnen Sie dies \u00fcber die E-Mail-Adresse <a href=\"mailto:proteccion@www.arcusin.com\">proteccion@www.arcusin.com<\/a> tun .<\/p><p>\u00a0<\/p><ol start=\"3\"><li><b> HAFTUNGSAUSSCHLUSS<\/b><\/li><\/ol><p>Der VERANTWORTLICHE ist von jeglicher Verantwortung befreit, die sich aus den auf seiner Website ver\u00f6ffentlichten Informationen ergibt, sofern er keine tats\u00e4chliche Kenntnis davon hat, dass diese Informationen von Dritten au\u00dferhalb derselben manipuliert oder eingef\u00fchrt wurden, oder wenn er sorgf\u00e4ltig gehandelt hat die Daten entziehen oder den Zugriff darauf unm\u00f6glich machen.<\/p><p>Verwendung von Cookies<\/p><p>Diese Website kann technische Cookies (kleine Informationsdateien, die der Server an den Computer der Person sendet, die auf die Seite zugreift) verwenden, um bestimmte Funktionen auszuf\u00fchren, die f\u00fcr das ordnungsgem\u00e4\u00dfe Funktionieren und Anzeigen der Website als wesentlich erachtet werden. Die verwendeten Cookies sind in jedem Fall tempor\u00e4r und dienen ausschlie\u00dflich dazu, das Surfen effizienter zu gestalten, und sie verschwinden am Ende der Sitzung des Benutzers. In keinem Fall liefern diese Cookies selbst personenbezogene Daten und sie werden nicht zu deren Erhebung verwendet.<\/p><p>Durch die Verwendung von Cookies ist es dem Server, auf dem sich die Website befindet, auch m\u00f6glich, den vom Benutzer verwendeten Browser zu erkennen, um das Surfen zu erleichtern und beispielsweise den Zugriff von Benutzern zu erm\u00f6glichen, die sich zuvor f\u00fcr die Bereiche und Dienste registriert haben , Werbeaktionen oder Wettbewerbe, die ausschlie\u00dflich ihnen vorbehalten sind, ohne dass sie sich bei jedem Besuch registrieren m\u00fcssen. Sie k\u00f6nnen auch verwendet werden, um die Reichweite, Verkehrsparameter, den Fortschritt und die Anzahl der Eintr\u00e4ge usw. zu messen, wobei Cookies in diesen F\u00e4llen technisch entbehrlich, aber f\u00fcr den Benutzer von Vorteil sind. Diese Website installiert keine entbehrlichen Cookies ohne die vorherige Zustimmung des Benutzers.<\/p><p>Der Benutzer hat die M\u00f6glichkeit, seinen Browser so zu konfigurieren, dass er \u00fcber den Empfang von Cookies informiert wird und deren Installation auf seinem Ger\u00e4t verhindert. Bitte konsultieren Sie die Anweisungen Ihres Browsers, um diese Informationen zu erweitern.<\/p><p>Link-Richtlinie<\/p><p>Von der Website aus werden Sie m\u00f6glicherweise zu Inhalten von Websites Dritter weitergeleitet. Da der VERANTWORTLICHE die von Dritten auf ihren jeweiligen Websites eingegebenen Inhalte nicht immer kontrollieren kann, \u00fcbernimmt er keinerlei Verantwortung in Bezug auf diese Inhalte. In jedem Fall werden alle Inhalte, die gegen nationale oder internationale Gesetze, die guten Sitten oder die \u00f6ffentliche Ordnung versto\u00dfen k\u00f6nnten, unverz\u00fcglich entfernt, die Weiterleitung auf diese Website unverz\u00fcglich zur\u00fcckgezogen und die zust\u00e4ndigen Beh\u00f6rden \u00fcber die betreffenden Inhalte informiert.<\/p><p>Hyperlinks<\/p><p>Diejenigen, die beabsichtigen, einen Hyperlink, Link oder Link von einer anderen Website zu dieser Website einzurichten, m\u00fcssen die folgenden Bedingungen beachten:<\/p><p>Es werden keine anderen Links als zur Hauptseite dieser Website eingerichtet, es sei denn, dies wurde ausdr\u00fccklich von ARCUSIN genehmigt, und es ist ausdr\u00fccklich untersagt, Deep-Links, IMG- oder Bildlinks, Frames oder Rahmenumgebungen einzurichten.<\/p><ul><li>Der Link erm\u00f6glicht m\u00f6glicherweise den Zugriff auf diese Website, aber ihre Dienste oder Inhalte d\u00fcrfen nicht reproduziert werden.<\/li><li>Es werden keine falschen, ungenauen oder falschen Aussagen \u00fcber diese Website oder \u00fcber ihre Dienste oder Inhalte oder \u00fcber die Unternehmen, Manager oder Mitarbeiter gemacht, aus denen ARCUSIN besteht.<\/li><li>Die Webseite, auf der der Link enthalten ist, darf keine Warenzeichen, Handelsnamen, Firmenbezeichnungen, Bezeichnungen, Logos, Slogans oder Unterscheidungszeichen von ARCUSIN oder Dritten enthalten (mit Ausnahme der Zeichen, die Teil derselben sind Hyperlinks) sofern nicht ausdr\u00fccklich von den Betroffenen genehmigt.<\/li><\/ul><ul><li>Die Einrichtung des Links impliziert weder eine Beziehung zwischen dem Eigent\u00fcmer oder Betreiber der Website, von der aus sie hergestellt wurde, und ARCUSIN, noch impliziert sie die Kenntnis, Autorisierung oder Zustimmung von ARCUSIN zu den Inhalten der Website, von der aus der Link stammt etabliert.<\/li><\/ul><p>Der VERANTWORTLICHE ist nicht verantwortlich f\u00fcr Informationen und Inhalte, die beispielsweise, aber nicht ausschlie\u00dflich, in Foren, Chats, Blog-Generatoren, Kommentaren, sozialen Netzwerken oder anderen Mitteln gespeichert sind, die es Dritten erm\u00f6glichen, Inhalte unabh\u00e4ngig auf der Website zu ver\u00f6ffentlichen VERANTWORTLICH. Sie wird jedoch in \u00dcbereinstimmung mit den Bestimmungen der Artikel 11 und 16 des LSSICE allen Benutzern, Beh\u00f6rden und Sicherheitskr\u00e4ften zur Verf\u00fcgung gestellt, die aktiv an der R\u00fccknahme oder gegebenenfalls Sperrung aller Inhalte mitwirken, die sich auf sie auswirken oder gegen sie versto\u00dfen k\u00f6nnten nationale oder internationale Gesetzgebung, die Rechte Dritter oder die guten Sitten und die \u00f6ffentliche Ordnung. Falls der Benutzer der Meinung ist, dass es Inhalte auf der Website gibt, die f\u00fcr diese Klassifizierung anf\u00e4llig sein k\u00f6nnten, benachrichtigen Sie bitte unverz\u00fcglich den Website-Administrator.<\/p><p>Diese Website wurde \u00fcberpr\u00fcft und auf einwandfreie Funktion getestet. Grunds\u00e4tzlich kann ein einwandfreier Betrieb an 365 Tagen im Jahr, 24 Stunden am Tag gew\u00e4hrleistet werden. Der VERANTWORTLICHE schlie\u00dft jedoch nicht aus, dass bestimmte Programmierfehler vorliegen oder dass h\u00f6here Gewalt, Naturkatastrophen, Streiks oder \u00e4hnliche Umst\u00e4nde eintreten, die den Zugriff auf die Website unm\u00f6glich machen.<\/p><p>IP-Adressen<\/p><p>Die Website-Server k\u00f6nnen die vom Benutzer verwendete IP-Adresse und den Dom\u00e4nennamen automatisch erkennen. Eine IP-Adresse ist eine Nummer, die einem Computer automatisch zugewiesen wird, wenn er sich mit dem Internet verbindet. Alle diese Informationen werden in einer Serveraktivit\u00e4tsdatei aufgezeichnet, die die nachfolgende Verarbeitung der Daten erm\u00f6glicht, um nur statistische Messungen zu erhalten, die es erm\u00f6glichen, die Anzahl der Seitenaufrufe, die Anzahl der Besuche auf den Webservern, die Reihenfolge der Besuche, die Zugangspunkt usw.<\/p><p>\u00a0<\/p><ol start=\"4\"><li><b> ANWENDBARES RECHT UND GERICHTSSTAND<\/b><\/li><\/ol><p>F\u00fcr die Beilegung aller Streitigkeiten oder Probleme im Zusammenhang mit dieser Website oder den darauf durchgef\u00fchrten Aktivit\u00e4ten gilt die spanische Gesetzgebung, der sich die Parteien ausdr\u00fccklich unterwerfen, und die f\u00fcr die Beilegung aller Streitigkeiten zust\u00e4ndig ist, die sich aus oder im Zusammenhang mit ihrer Nutzung ergeben, die Gerichte und Gerichtsh\u00f6fe der Stadt Lleida (Spanien).<\/p>\t\t\t\t\t\t\t\t<\/div>\n\t\t\t\t<\/div>\n\t\t\t\t\t<\/div>\n\t\t<\/div>\n\t\t\t\t\t<\/div>\n\t\t<\/section>\n\t\t\t\t<\/div>\n\t\t","protected":false},"excerpt":{"rendered":"<p>Rechtlicher Hinweis GESETZ DER DIENSTLEISTUNGEN DER INFORMATIONSGESELLSCHAFT (LSSI) GESETZ DER DIENSTLEISTUNGEN DER INFORMATIONSGESELLSCHAFT (LSSI) ARCUSIN S.A., verantwortlich f\u00fcr die Website, im Folgenden VERANTWORTLICH, stellt dieses Dokument den Benutzern zur Verf\u00fcgung, mit denen es beabsichtigt, den Verpflichtungen nachzukommen, die im Gesetz 34\/2002 vom 11. Juli \u00fcber Dienste der Gesellschaft f\u00fcr Information und elektronischen Handel ( LSSICE), BOE Nr. 166, sowie die Information aller Benutzer der Website \u00fcber die Nutzungsbedingungen. Jede Person, die auf diese Website zugreift, \u00fcbernimmt die Rolle des Benutzers und verpflichtet sich zur Einhaltung und strikten Einhaltung der hierin enthaltenen Bestimmungen sowie aller anderen anwendbaren gesetzlichen Bestimmungen. Nutzungsbedingungen Wer auf die ARCUSIN-Website zugreift (Benutzer), tut dies auf eigene Verantwortung und unter vollst\u00e4ndiger Annahme dieser Nutzungsbedingungen sowie aller anderen darin enthaltenen Bedingungen und verpflichtet sich, die bereitgestellten Dienste, Mittel und Informationen fair zu nutzen Ihnen zur Verf\u00fcgung stehen, indem Sie sich verpflichten, keine unerlaubten, rechtswidrigen oder gegen Treu und Glauben, allgemein anerkannte Verwendungen und die \u00f6ffentliche Ordnung versto\u00dfenden Aktivit\u00e4ten durchzuf\u00fchren. Der Benutzer haftet f\u00fcr Sch\u00e4den jeglicher Art, die ARCUSIN infolge der Verletzung einer der Verpflichtungen entstehen, denen er sich aus diesen Bedingungen unterwirft. Insbesondere stimmt der Benutzer zu: Keine Aktivit\u00e4ten ausf\u00fchren, die ARCUSIN oder der Nutzung und dem Zugriff auf diese Website direkt oder indirekt schaden k\u00f6nnten. Vervielf\u00e4ltigen, verbreiten oder modifizieren Sie die Inhalte dieser Website nicht ohne entsprechende Genehmigung und verletzen Sie keine Rechte von ARCUSIN oder seinen rechtm\u00e4\u00dfigen Eigent\u00fcmern. Verwenden Sie die Inhalte dieser Website nicht f\u00fcr kommerzielle oder Werbezwecke. Versuchen Sie nicht, auf die Inhalte der Website mit anderen Mitteln oder Verfahren zuzugreifen als denen, die f\u00fcr diesen Zweck zur Verf\u00fcgung gestellt werden oder die normalerweise im Netzwerk verwendet werden, vorausgesetzt, dass sie kein Risiko f\u00fcr die Website darstellen. ARCUSIN beh\u00e4lt sich das Recht vor, die Nutzungsbedingungen seiner Website jederzeit einseitig zu \u00e4ndern, und beh\u00e4lt sich au\u00dferdem das Recht vor, seine Website oder einen der darauf bereitgestellten Inhalte, Informationen oder Dienste sowie die Bedingungen von auszusetzen, zu unterbrechen oder unbrauchbar zu machen Zugang zu ihnen. \u00a0 IDENTIFIZIERUNGSDATEN Dom\u00e4nenname: www.arcusin.com\/ Handelsname: ARCUSIN Firmenname: ARCUSIN S.A. CIF: A25013798 Eingetragener Sitz: Pol\u00edgon Industrial Pla d&#8217;Urgell &#8211; Av. Merlet, 8 &#8211; 25245 VILA-SANA Lleida (Spanien) Telefon: 973 71 28 55 E-mail: proteccion@www.arcusin.com Handelsregister von Lleida, Seite 672, Seite 67, Band 77, Buch 49, 1. Eintrag. \u00a0 GEISTIGE UND GEWERBLICHE EIGENTUMSRECHTE Die Website, einschlie\u00dflich, aber nicht beschr\u00e4nkt auf ihre Programmierung, Bearbeitung, Zusammenstellung und andere f\u00fcr ihren Betrieb notwendige Elemente, die Designs, Logos, Texte und\/oder Grafiken, sind Eigentum des VERANTWORTLICHEN oder, falls zutreffend, lizenziert oder ausdr\u00fccklich autorisiert vom Autoren. Alle Inhalte der Website sind ordnungsgem\u00e4\u00df durch die Vorschriften \u00fcber geistiges und gewerbliches Eigentum gesch\u00fctzt und in den entsprechenden \u00f6ffentlichen Registern eingetragen. Unabh\u00e4ngig von dem Zweck, f\u00fcr den sie bestimmt waren, bedarf die vollst\u00e4ndige oder teilweise Vervielf\u00e4ltigung, Nutzung, Verwertung, Verbreitung und Vermarktung in jedem Fall der vorherigen schriftlichen Genehmigung des VERANTWORTLICHEN. Jede nicht zuvor genehmigte Nutzung gilt als schwerwiegende Verletzung der geistigen oder gewerblichen Eigentumsrechte des Urhebers. Die Designs, Logos, Texte und\/oder Grafiken au\u00dferhalb des CONTROLLERS, die m\u00f6glicherweise auf der Website erscheinen, geh\u00f6ren ihren jeweiligen Eigent\u00fcmern, die selbst f\u00fcr m\u00f6gliche Kontroversen verantwortlich sind, die sich in Bezug auf sie ergeben k\u00f6nnen. Der VERANTWORTLICHE gestattet Dritten ausdr\u00fccklich, direkt auf die spezifischen Inhalte der Website umzuleiten und in jedem Fall auf die Hauptwebsite von www.arcusin.com\/ umzuleiten. Der VERANTWORTLICHE erkennt die entsprechenden geistigen und gewerblichen Eigentumsrechte zugunsten ihrer Eigent\u00fcmer an, ihre blo\u00dfe Erw\u00e4hnung oder ihr Erscheinen auf der Website impliziert nicht das Bestehen von Rechten oder Verantwortung f\u00fcr sie, noch impliziert sie eine Billigung, F\u00f6rderung oder Empfehlung durch dieselben. Um jede Art von Beobachtung bez\u00fcglich m\u00f6glicher Verletzungen von Rechten an geistigem oder gewerblichem Eigentum sowie der Inhalte der Website zu machen, k\u00f6nnen Sie dies \u00fcber die E-Mail-Adresse proteccion@www.arcusin.com tun . \u00a0 HAFTUNGSAUSSCHLUSS Der VERANTWORTLICHE ist von jeglicher Verantwortung befreit, die sich aus den auf seiner Website ver\u00f6ffentlichten Informationen ergibt, sofern er keine tats\u00e4chliche Kenntnis davon hat, dass diese Informationen von Dritten au\u00dferhalb derselben manipuliert oder eingef\u00fchrt wurden, oder wenn er sorgf\u00e4ltig gehandelt hat die Daten entziehen oder den Zugriff darauf unm\u00f6glich machen. Verwendung von Cookies Diese Website kann technische Cookies (kleine Informationsdateien, die der Server an den Computer der Person sendet, die auf die Seite zugreift) verwenden, um bestimmte Funktionen auszuf\u00fchren, die f\u00fcr das ordnungsgem\u00e4\u00dfe Funktionieren und Anzeigen der Website als wesentlich erachtet werden. Die verwendeten Cookies sind in jedem Fall tempor\u00e4r und dienen ausschlie\u00dflich dazu, das Surfen effizienter zu gestalten, und sie verschwinden am Ende der Sitzung des Benutzers. In keinem Fall liefern diese Cookies selbst personenbezogene Daten und sie werden nicht zu deren Erhebung verwendet. Durch die Verwendung von Cookies ist es dem Server, auf dem sich die Website befindet, auch m\u00f6glich, den vom Benutzer verwendeten Browser zu erkennen, um das Surfen zu erleichtern und beispielsweise den Zugriff von Benutzern zu erm\u00f6glichen, die sich zuvor f\u00fcr die Bereiche und Dienste registriert haben , Werbeaktionen oder Wettbewerbe, die ausschlie\u00dflich ihnen vorbehalten sind, ohne dass sie sich bei jedem Besuch registrieren m\u00fcssen. Sie k\u00f6nnen auch verwendet werden, um die Reichweite, Verkehrsparameter, den Fortschritt und die Anzahl der Eintr\u00e4ge usw. zu messen, wobei Cookies in diesen F\u00e4llen technisch entbehrlich, aber f\u00fcr den Benutzer von Vorteil sind. Diese Website installiert keine entbehrlichen Cookies ohne die vorherige Zustimmung des Benutzers. Der Benutzer hat die M\u00f6glichkeit, seinen Browser so zu konfigurieren, dass er \u00fcber den Empfang von Cookies informiert wird und deren Installation auf seinem Ger\u00e4t verhindert. Bitte konsultieren Sie die Anweisungen Ihres Browsers, um diese Informationen zu erweitern. Link-Richtlinie Von der Website aus werden Sie m\u00f6glicherweise zu Inhalten von Websites Dritter weitergeleitet. Da der VERANTWORTLICHE die von Dritten auf ihren jeweiligen Websites eingegebenen Inhalte nicht immer kontrollieren kann, \u00fcbernimmt er keinerlei Verantwortung in Bezug auf diese Inhalte. In jedem Fall werden alle Inhalte, die gegen nationale oder internationale Gesetze, die guten Sitten oder die \u00f6ffentliche Ordnung versto\u00dfen k\u00f6nnten, unverz\u00fcglich entfernt, die Weiterleitung auf diese Website unverz\u00fcglich zur\u00fcckgezogen und die zust\u00e4ndigen Beh\u00f6rden \u00fcber die betreffenden Inhalte informiert. Hyperlinks Diejenigen, die beabsichtigen, einen Hyperlink, Link oder Link von einer anderen Website zu dieser Website einzurichten, m\u00fcssen die folgenden Bedingungen beachten: Es<\/p>\n","protected":false},"author":156,"featured_media":0,"parent":0,"menu_order":0,"comment_status":"closed","ping_status":"closed","template":"elementor_header_footer","meta":{"content-type":"","footnotes":""},"class_list":["post-37367","page","type-page","status-publish","hentry"],"_links":{"self":[{"href":"https:\/\/arcusin.isocialdev.com\/de\/wp-json\/wp\/v2\/pages\/37367","targetHints":{"allow":["GET"]}}],"collection":[{"href":"https:\/\/arcusin.isocialdev.com\/de\/wp-json\/wp\/v2\/pages"}],"about":[{"href":"https:\/\/arcusin.isocialdev.com\/de\/wp-json\/wp\/v2\/types\/page"}],"author":[{"embeddable":true,"href":"https:\/\/arcusin.isocialdev.com\/de\/wp-json\/wp\/v2\/users\/156"}],"replies":[{"embeddable":true,"href":"https:\/\/arcusin.isocialdev.com\/de\/wp-json\/wp\/v2\/comments?post=37367"}],"version-history":[{"count":4,"href":"https:\/\/arcusin.isocialdev.com\/de\/wp-json\/wp\/v2\/pages\/37367\/revisions"}],"predecessor-version":[{"id":72652,"href":"https:\/\/arcusin.isocialdev.com\/de\/wp-json\/wp\/v2\/pages\/37367\/revisions\/72652"}],"wp:attachment":[{"href":"https:\/\/arcusin.isocialdev.com\/de\/wp-json\/wp\/v2\/media?parent=37367"}],"curies":[{"name":"wp","href":"https:\/\/api.w.org\/{rel}","templated":true}]}}