{"id":75854,"date":"2026-03-17T17:05:24","date_gmt":"2026-03-17T16:05:24","guid":{"rendered":"https:\/\/arcusin.isocialdev.com\/?post_type=product&#038;p=75854"},"modified":"2026-03-18T19:01:03","modified_gmt":"2026-03-18T18:01:03","slug":"jaqueta-bomber-lleugera-arcusin-grisa-unisex","status":"publish","type":"product","link":"https:\/\/arcusin.isocialdev.com\/ca\/product\/jaqueta-bomber-lleugera-arcusin-grisa-unisex\/","title":{"rendered":"Jaqueta bomber lleugera ARCUSIN grisa UNISEX"},"content":{"rendered":"","protected":false},"excerpt":{"rendered":"<p>Jaqueta bomber lleugera unisex amb un tall net i modern, dissenyada com una capa f\u00e0cil per a cada dia per a \u00fas urb\u00e0.<\/p>\n","protected":false},"featured_media":75048,"comment_status":"closed","ping_status":"closed","template":"","meta":{"content-type":""},"product_brand":[],"product_cat":[579],"product_tag":[],"class_list":{"0":"post-75854","1":"product","2":"type-product","3":"status-publish","4":"has-post-thumbnail","6":"product_cat-marxandatge","8":"first","9":"outofstock","10":"taxable","11":"shipping-taxable","12":"purchasable","13":"product-type-simple"},"_links":{"self":[{"href":"https:\/\/arcusin.isocialdev.com\/ca\/wp-json\/wp\/v2\/product\/75854","targetHints":{"allow":["GET"]}}],"collection":[{"href":"https:\/\/arcusin.isocialdev.com\/ca\/wp-json\/wp\/v2\/product"}],"about":[{"href":"https:\/\/arcusin.isocialdev.com\/ca\/wp-json\/wp\/v2\/types\/product"}],"replies":[{"embeddable":true,"href":"https:\/\/arcusin.isocialdev.com\/ca\/wp-json\/wp\/v2\/comments?post=75854"}],"version-history":[{"count":0,"href":"https:\/\/arcusin.isocialdev.com\/ca\/wp-json\/wp\/v2\/product\/75854\/revisions"}],"wp:featuredmedia":[{"embeddable":true,"href":"https:\/\/arcusin.isocialdev.com\/ca\/wp-json\/wp\/v2\/media\/75048"}],"wp:attachment":[{"href":"https:\/\/arcusin.isocialdev.com\/ca\/wp-json\/wp\/v2\/media?parent=75854"}],"wp:term":[{"taxonomy":"product_brand","embeddable":true,"href":"https:\/\/arcusin.isocialdev.com\/ca\/wp-json\/wp\/v2\/product_brand?post=75854"},{"taxonomy":"product_cat","embeddable":true,"href":"https:\/\/arcusin.isocialdev.com\/ca\/wp-json\/wp\/v2\/product_cat?post=75854"},{"taxonomy":"product_tag","embeddable":true,"href":"https:\/\/arcusin.isocialdev.com\/ca\/wp-json\/wp\/v2\/product_tag?post=75854"}],"curies":[{"name":"wp","href":"https:\/\/api.w.org\/{rel}","templated":true}]}}