{"id":75852,"date":"2026-03-17T17:05:25","date_gmt":"2026-03-17T16:05:25","guid":{"rendered":"https:\/\/arcusin.isocialdev.com\/?post_type=product&#038;p=75852"},"modified":"2026-03-18T19:01:02","modified_gmt":"2026-03-18T18:01:02","slug":"jaqueta-texana-vintage-arcusin-unisex","status":"publish","type":"product","link":"https:\/\/arcusin.isocialdev.com\/ca\/product\/jaqueta-texana-vintage-arcusin-unisex\/","title":{"rendered":"JAQUETA TEXANA VINTAGE ARCUSIN UNISEX"},"content":{"rendered":"","protected":false},"excerpt":{"rendered":"<p>Jaqueta texana d&#8217;estil vintage d&#8217;edici\u00f3 limitada amb pegats brodats artesanals amb els logotips ic\u00f2nics de les m\u00e0quines ARCUSIN: Autostack, Forstack i Multipack.<\/p>\n","protected":false},"featured_media":75049,"comment_status":"closed","ping_status":"closed","template":"","meta":{"content-type":""},"product_brand":[],"product_cat":[579],"product_tag":[],"class_list":{"0":"post-75852","1":"product","2":"type-product","3":"status-publish","4":"has-post-thumbnail","6":"product_cat-marxandatge","8":"first","9":"outofstock","10":"taxable","11":"shipping-taxable","12":"purchasable","13":"product-type-simple"},"_links":{"self":[{"href":"https:\/\/arcusin.isocialdev.com\/ca\/wp-json\/wp\/v2\/product\/75852","targetHints":{"allow":["GET"]}}],"collection":[{"href":"https:\/\/arcusin.isocialdev.com\/ca\/wp-json\/wp\/v2\/product"}],"about":[{"href":"https:\/\/arcusin.isocialdev.com\/ca\/wp-json\/wp\/v2\/types\/product"}],"replies":[{"embeddable":true,"href":"https:\/\/arcusin.isocialdev.com\/ca\/wp-json\/wp\/v2\/comments?post=75852"}],"version-history":[{"count":0,"href":"https:\/\/arcusin.isocialdev.com\/ca\/wp-json\/wp\/v2\/product\/75852\/revisions"}],"wp:featuredmedia":[{"embeddable":true,"href":"https:\/\/arcusin.isocialdev.com\/ca\/wp-json\/wp\/v2\/media\/75049"}],"wp:attachment":[{"href":"https:\/\/arcusin.isocialdev.com\/ca\/wp-json\/wp\/v2\/media?parent=75852"}],"wp:term":[{"taxonomy":"product_brand","embeddable":true,"href":"https:\/\/arcusin.isocialdev.com\/ca\/wp-json\/wp\/v2\/product_brand?post=75852"},{"taxonomy":"product_cat","embeddable":true,"href":"https:\/\/arcusin.isocialdev.com\/ca\/wp-json\/wp\/v2\/product_cat?post=75852"},{"taxonomy":"product_tag","embeddable":true,"href":"https:\/\/arcusin.isocialdev.com\/ca\/wp-json\/wp\/v2\/product_tag?post=75852"}],"curies":[{"name":"wp","href":"https:\/\/api.w.org\/{rel}","templated":true}]}}