{"id":75851,"date":"2026-03-17T17:05:27","date_gmt":"2026-03-17T16:05:27","guid":{"rendered":"https:\/\/arcusin.isocialdev.com\/?post_type=product&#038;p=75851"},"modified":"2026-03-18T19:01:01","modified_gmt":"2026-03-18T18:01:01","slug":"barret-de-punt-arcusin-blau-mari","status":"publish","type":"product","link":"https:\/\/arcusin.isocialdev.com\/ca\/product\/barret-de-punt-arcusin-blau-mari\/","title":{"rendered":"BARRET DE PUNT ARCUSIN BLAU MAR\u00cd"},"content":{"rendered":"","protected":false},"excerpt":{"rendered":"<p>Gorro cl\u00e0ssic fet d&#8217;acr\u00edlic 100%, que ofereix un tacte suau i un ajust c\u00f2mode per al dia a dia amb un aspecte net i minimalista.<\/p>\n","protected":false},"featured_media":75052,"comment_status":"closed","ping_status":"closed","template":"","meta":{"content-type":""},"product_brand":[],"product_cat":[579],"product_tag":[],"class_list":{"0":"post-75851","1":"product","2":"type-product","3":"status-publish","4":"has-post-thumbnail","6":"product_cat-marxandatge","8":"first","9":"outofstock","10":"taxable","11":"shipping-taxable","12":"purchasable","13":"product-type-simple"},"_links":{"self":[{"href":"https:\/\/arcusin.isocialdev.com\/ca\/wp-json\/wp\/v2\/product\/75851","targetHints":{"allow":["GET"]}}],"collection":[{"href":"https:\/\/arcusin.isocialdev.com\/ca\/wp-json\/wp\/v2\/product"}],"about":[{"href":"https:\/\/arcusin.isocialdev.com\/ca\/wp-json\/wp\/v2\/types\/product"}],"replies":[{"embeddable":true,"href":"https:\/\/arcusin.isocialdev.com\/ca\/wp-json\/wp\/v2\/comments?post=75851"}],"version-history":[{"count":0,"href":"https:\/\/arcusin.isocialdev.com\/ca\/wp-json\/wp\/v2\/product\/75851\/revisions"}],"wp:featuredmedia":[{"embeddable":true,"href":"https:\/\/arcusin.isocialdev.com\/ca\/wp-json\/wp\/v2\/media\/75052"}],"wp:attachment":[{"href":"https:\/\/arcusin.isocialdev.com\/ca\/wp-json\/wp\/v2\/media?parent=75851"}],"wp:term":[{"taxonomy":"product_brand","embeddable":true,"href":"https:\/\/arcusin.isocialdev.com\/ca\/wp-json\/wp\/v2\/product_brand?post=75851"},{"taxonomy":"product_cat","embeddable":true,"href":"https:\/\/arcusin.isocialdev.com\/ca\/wp-json\/wp\/v2\/product_cat?post=75851"},{"taxonomy":"product_tag","embeddable":true,"href":"https:\/\/arcusin.isocialdev.com\/ca\/wp-json\/wp\/v2\/product_tag?post=75851"}],"curies":[{"name":"wp","href":"https:\/\/api.w.org\/{rel}","templated":true}]}}