{"id":75348,"date":"2022-12-28T09:02:00","date_gmt":"2022-12-28T08:02:00","guid":{"rendered":"https:\/\/arcusin.isocialdev.com\/?page_id=75348"},"modified":"2026-03-18T07:11:32","modified_gmt":"2026-03-18T06:11:32","slug":"avis-legal","status":"publish","type":"page","link":"https:\/\/arcusin.isocialdev.com\/ca\/avis-legal\/","title":{"rendered":"Av\u00eds legal"},"content":{"rendered":"\t\t<div data-elementor-type=\"wp-page\" data-elementor-id=\"75348\" class=\"elementor elementor-75348 elementor-9888\" data-elementor-post-type=\"page\">\n\t\t\t\t\t\t<section class=\"elementor-section elementor-top-section elementor-element elementor-element-02e7d2a elementor-section-boxed elementor-section-height-default elementor-section-height-default wpr-particle-no wpr-jarallax-no wpr-parallax-no wpr-sticky-section-no wpr-equal-height-no\" data-id=\"02e7d2a\" data-element_type=\"section\" data-e-type=\"section\">\n\t\t\t\t\t\t<div class=\"elementor-container elementor-column-gap-default\">\n\t\t\t\t\t<div class=\"elementor-column elementor-col-100 elementor-top-column elementor-element elementor-element-989db49\" data-id=\"989db49\" data-element_type=\"column\" data-e-type=\"column\" data-settings=\"{&quot;background_background&quot;:&quot;classic&quot;}\">\n\t\t\t<div class=\"elementor-widget-wrap elementor-element-populated\">\n\t\t\t\t\t\t<div class=\"elementor-element elementor-element-e5874ae elementor-widget elementor-widget-heading\" data-id=\"e5874ae\" data-element_type=\"widget\" data-e-type=\"widget\" data-widget_type=\"heading.default\">\n\t\t\t\t<div class=\"elementor-widget-container\">\n\t\t\t\t\t<h2 class=\"elementor-heading-title elementor-size-default\">Avis Legal<\/h2>\t\t\t\t<\/div>\n\t\t\t\t<\/div>\n\t\t\t\t\t<\/div>\n\t\t<\/div>\n\t\t\t\t\t<\/div>\n\t\t<\/section>\n\t\t\t\t<section class=\"elementor-section elementor-top-section elementor-element elementor-element-493f466 elementor-section-boxed elementor-section-height-default elementor-section-height-default wpr-particle-no wpr-jarallax-no wpr-parallax-no wpr-sticky-section-no wpr-equal-height-no\" data-id=\"493f466\" data-element_type=\"section\" data-e-type=\"section\">\n\t\t\t\t\t\t<div class=\"elementor-container elementor-column-gap-default\">\n\t\t\t\t\t<div class=\"elementor-column elementor-col-100 elementor-top-column elementor-element elementor-element-ab94d83\" data-id=\"ab94d83\" data-element_type=\"column\" data-e-type=\"column\">\n\t\t\t<div class=\"elementor-widget-wrap elementor-element-populated\">\n\t\t\t\t\t\t<div class=\"elementor-element elementor-element-2efa934 elementor-widget elementor-widget-heading\" data-id=\"2efa934\" data-element_type=\"widget\" data-e-type=\"widget\" data-widget_type=\"heading.default\">\n\t\t\t\t<div class=\"elementor-widget-container\">\n\t\t\t\t\t<h2 class=\"elementor-heading-title elementor-size-default\">LLEI DELS SERVEIS DE LA SOCIETAT DE LA INFORMACI\u00d3 (LSSI)<\/h2>\t\t\t\t<\/div>\n\t\t\t\t<\/div>\n\t\t\t\t<div class=\"elementor-element elementor-element-09e4488 elementor-widget elementor-widget-text-editor\" data-id=\"09e4488\" data-element_type=\"widget\" data-e-type=\"widget\" data-widget_type=\"text-editor.default\">\n\t\t\t\t<div class=\"elementor-widget-container\">\n\t\t\t\t\t\t\t\t\t<p><b>LLEI DELS SERVEIS DE LA SOCIETAT DE LA INFORMACI\u00d3 (LSSI)<\/b><\/p><p>ARCUSIN S.A., responsable del lloc web, d\u2019ara endavant RESPONSABLE, posa a disposici\u00f3 dels usuaris el present document, amb el qual pret\u00e9n donar compliment a les obligacions disposades a la Llei 34\/2002, d\u201911 de juliol, de Serveis de la Societat de la Informaci\u00f3 i de Comer\u00e7 Electr\u00f2nic (LSSICE), BOE n\u00fam. 166, aix\u00ed com informar tots els usuaris del lloc web sobre quines s\u00f3n les condicions d\u2019\u00fas.<\/p><p>Tota persona que accedeixi a aquest lloc web assumeix el paper d\u2019usuari, comprometent-se a l\u2019observan\u00e7a i compliment rigor\u00f3s de les disposicions aqu\u00ed establertes, aix\u00ed com de qualsevol altra disposici\u00f3 legal que fos aplicable.<\/p><p>\u00a0<\/p><p><b>Condicions d\u2019\u00das<\/b><\/p><p>Qui accedeix al lloc web d\u2019ARCUSIN (usuari) ho fa sota la seva exclusiva responsabilitat i amb plena acceptaci\u00f3 de les presents condicions d\u2019\u00fas, aix\u00ed com de qualsevol altra que s\u2019hi faci constar, i es compromet a fer un \u00fas lleial dels serveis, mitjans i informaci\u00f3 que es posen al seu abast, comprometent-se a no realitzar cap activitat il\u00b7l\u00edcita, il\u00b7legal o contr\u00e0ria a la bona fe, als usos comunament acceptats i a l\u2019ordre p\u00fablic.<\/p><p>L\u2019Usuari respondr\u00e0 dels danys i perjudicis de tota naturalesa que ARCUSIN pugui patir com a conseq\u00fc\u00e8ncia de l\u2019incompliment de qualsevol de les obligacions a qu\u00e8 queda sotm\u00e8s per les presents condicions.<\/p><p>L\u2019usuari es compromet especialment a:<\/p><ul><li>No realitzar cap activitat que pugui perjudicar directament o indirectament ARCUSIN o l\u2019\u00fas i acc\u00e9s al present lloc web.<\/li><li>No reproduir, distribuir ni modificar els continguts d\u2019aquest lloc web sense la deguda autoritzaci\u00f3, ni vulnerar cap dret sobre els mateixos pertanyents a ARCUSIN o als seus leg\u00edtims titulars.<\/li><li>No utilitzar els continguts d\u2019aquest lloc web amb finalitats comercials o publicit\u00e0ries.<\/li><li>No intentar accedir als continguts del lloc web mitjan\u00e7ant mitjans o procediments diferents dels posats a la seva disposici\u00f3 o dels habituals a la xarxa sempre que no comportin cap risc per al lloc web.<\/li><\/ul><p>ARCUSIN es reserva el dret a modificar unilateralment i en qualsevol moment les condicions d\u2019\u00fas del seu lloc web, aix\u00ed com el dret a suspendre, interrompre o deixar sense funcionament el lloc web o qualsevol dels continguts, informaci\u00f3 o serveis que s\u2019hi presten.<\/p><p>\u00a0<\/p><p><b>Dades Identificatives<\/b><\/p><ul><li>Nom de domini: <b>www.arcusin.com\/<\/b><\/li><li>Nom comercial: <b>ARCUSIN<\/b><\/li><li>Denominaci\u00f3 social: <b>ARCUSIN S.A.<\/b><\/li><li>CIF: <b>A25013798<\/b><\/li><li>Domicili social: Pol\u00edgon Industrial Pla d\u2019Urgell \u2013 Av. Merlet, 8 \u2013 25245 VILA-SANA, Lleida (Espanya)<\/li><li>Tel\u00e8fon: <b>973 71 28 55<\/b><\/li><li>E-mail: <b>proteccion@arcusin.com<\/b><\/li><li>Registre Mercantil de Lleida, full 672, foli 67, tom 77, llibre 49, inscripci\u00f3 1a<\/li><\/ul><p>\u00a0<\/p><p><b>Drets de Propietat Intel\u00b7lectual i Industrial<\/b><\/p><p>El lloc web, incloent \u2014a t\u00edtol enunciatiu per\u00f2 no limitatiu\u2014 la programaci\u00f3, edici\u00f3, compilaci\u00f3 i altres elements necessaris per al seu funcionament, aix\u00ed com els dissenys, logotips, textos i\/o gr\u00e0fics, s\u00f3n propietat del RESPONSABLE o, si escau, disposa de llic\u00e8ncia o autoritzaci\u00f3 expressa per part dels autors.<\/p><p>Tots els continguts del lloc web estan protegits per la normativa de propietat intel\u00b7lectual i industrial i inscrits als registres p\u00fablics corresponents.<\/p><p>Independentment de la finalitat per a la qual fossin destinats, <b>la reproducci\u00f3 total o parcial, \u00fas, explotaci\u00f3, distribuci\u00f3 i comercialitzaci\u00f3 requereix en tot cas l\u2019autoritzaci\u00f3 pr\u00e8via i per escrit del RESPONSABLE<\/b>.<\/p><p>Els dissenys, logotips, textos i\/o gr\u00e0fics aliens al RESPONSABLE que puguin apar\u00e8ixer al lloc web pertanyen als seus respectius propietaris. El RESPONSABLE autoritza expressament que tercers puguin redirigir directament als continguts concrets del lloc web o al domini principal.<\/p><p>Per fer qualsevol observaci\u00f3 sobre possibles incompliments dels drets de propietat intel\u00b7lectual o industrial, podeu escriure a <b>proteccion@www.arcusin.com<\/b>.<\/p><p>\u00a0<\/p><p><b>Exempci\u00f3 de Responsabilitats<\/b><\/p><p>El RESPONSABLE s\u2019eximeix de qualsevol responsabilitat derivada de la informaci\u00f3 publicada al seu lloc web sempre que no tingui coneixement efectiu que aquesta informaci\u00f3 hagi estat manipulada per tercers. Si en t\u00e9 coneixement, actuar\u00e0 amb dilig\u00e8ncia per retirar les dades o impedir-ne l\u2019acc\u00e9s.<\/p><p><b>\u00das de cookies<\/b><\/p><p>Aquest lloc web pot utilitzar cookies t\u00e8cniques per garantir el correcte funcionament de la p\u00e0gina. Aquestes cookies s\u00f3n temporals i no proporcionen dades personals per si mateixes.<\/p><p>Aquest lloc no instal\u00b7lar\u00e0 cookies prescindibles sense el consentiment previ de l\u2019usuari.<\/p><p>L\u2019usuari pot configurar el navegador per ser avisat de la recepci\u00f3 de cookies i impedir-ne la instal\u00b7laci\u00f3.<\/p><p>\u00a0<\/p><p><b>Pol\u00edtica d\u2019Enlla\u00e7os<\/b><\/p><p>ARCUSIN no assumeix responsabilitat pels continguts de tercers que es puguin redirigir des del lloc web. Retirar\u00e0 immediatament qualsevol enlla\u00e7 que contravingui la legislaci\u00f3 vigent.<\/p><p><b>Hipervincles<\/b><\/p><p>Els qui vulguin establir un enlla\u00e7 amb aquest lloc web hauran de respectar les condicions seg\u00fcents:<\/p><ul><li>Nom\u00e9s es poden establir enlla\u00e7os a la p\u00e0gina principal, llevat d\u2019autoritzaci\u00f3 expressa.<\/li><li>No es poden reproduir serveis o continguts del lloc web.<\/li><li>No es poden fer declaracions falses sobre ARCUSIN ni els seus serveis.<\/li><li>La p\u00e0gina d\u2019origen no pot incloure marques o signes distintius d\u2019ARCUSIN sense autoritzaci\u00f3.<\/li><\/ul><p>ARCUSIN no \u00e9s responsable de la informaci\u00f3 publicada en plataformes externes com f\u00f2rums, blogs o xarxes socials.<\/p><p>\u00a0<\/p><p><b>Adreces IP<\/b><\/p><p>Els servidors poden detectar autom\u00e0ticament l\u2019adre\u00e7a IP i el nom de domini de l\u2019usuari per a finalitats estad\u00edstiques.<\/p><p>\u00a0<\/p><p><b>Llei Aplicable i Jurisdicci\u00f3<\/b><\/p><p>Per resoldre qualsevol controv\u00e8rsia relacionada amb aquest lloc web, s\u2019aplica la legislaci\u00f3 espanyola, i les parts se sotmeten expressament als <b>Jutjats i Tribunals de Lleida (Espanya)<\/b>.<\/p>\t\t\t\t\t\t\t\t<\/div>\n\t\t\t\t<\/div>\n\t\t\t\t\t<\/div>\n\t\t<\/div>\n\t\t\t\t\t<\/div>\n\t\t<\/section>\n\t\t\t\t<\/div>\n\t\t","protected":false},"excerpt":{"rendered":"<p>Avis Legal LLEI DELS SERVEIS DE LA SOCIETAT DE LA INFORMACI\u00d3 (LSSI) LLEI DELS SERVEIS DE LA SOCIETAT DE LA INFORMACI\u00d3 (LSSI) ARCUSIN S.A., responsable del lloc web, d\u2019ara endavant RESPONSABLE, posa a disposici\u00f3 dels usuaris el present document, amb el qual pret\u00e9n donar compliment a les obligacions disposades a la Llei 34\/2002, d\u201911 de juliol, de Serveis de la Societat de la Informaci\u00f3 i de Comer\u00e7 Electr\u00f2nic (LSSICE), BOE n\u00fam. 166, aix\u00ed com informar tots els usuaris del lloc web sobre quines s\u00f3n les condicions d\u2019\u00fas. Tota persona que accedeixi a aquest lloc web assumeix el paper d\u2019usuari, comprometent-se a l\u2019observan\u00e7a i compliment rigor\u00f3s de les disposicions aqu\u00ed establertes, aix\u00ed com de qualsevol altra disposici\u00f3 legal que fos aplicable. \u00a0 Condicions d\u2019\u00das Qui accedeix al lloc web d\u2019ARCUSIN (usuari) ho fa sota la seva exclusiva responsabilitat i amb plena acceptaci\u00f3 de les presents condicions d\u2019\u00fas, aix\u00ed com de qualsevol altra que s\u2019hi faci constar, i es compromet a fer un \u00fas lleial dels serveis, mitjans i informaci\u00f3 que es posen al seu abast, comprometent-se a no realitzar cap activitat il\u00b7l\u00edcita, il\u00b7legal o contr\u00e0ria a la bona fe, als usos comunament acceptats i a l\u2019ordre p\u00fablic. L\u2019Usuari respondr\u00e0 dels danys i perjudicis de tota naturalesa que ARCUSIN pugui patir com a conseq\u00fc\u00e8ncia de l\u2019incompliment de qualsevol de les obligacions a qu\u00e8 queda sotm\u00e8s per les presents condicions. L\u2019usuari es compromet especialment a: No realitzar cap activitat que pugui perjudicar directament o indirectament ARCUSIN o l\u2019\u00fas i acc\u00e9s al present lloc web. No reproduir, distribuir ni modificar els continguts d\u2019aquest lloc web sense la deguda autoritzaci\u00f3, ni vulnerar cap dret sobre els mateixos pertanyents a ARCUSIN o als seus leg\u00edtims titulars. No utilitzar els continguts d\u2019aquest lloc web amb finalitats comercials o publicit\u00e0ries. No intentar accedir als continguts del lloc web mitjan\u00e7ant mitjans o procediments diferents dels posats a la seva disposici\u00f3 o dels habituals a la xarxa sempre que no comportin cap risc per al lloc web. ARCUSIN es reserva el dret a modificar unilateralment i en qualsevol moment les condicions d\u2019\u00fas del seu lloc web, aix\u00ed com el dret a suspendre, interrompre o deixar sense funcionament el lloc web o qualsevol dels continguts, informaci\u00f3 o serveis que s\u2019hi presten. \u00a0 Dades Identificatives Nom de domini: www.arcusin.com\/ Nom comercial: ARCUSIN Denominaci\u00f3 social: ARCUSIN S.A. CIF: A25013798 Domicili social: Pol\u00edgon Industrial Pla d\u2019Urgell \u2013 Av. Merlet, 8 \u2013 25245 VILA-SANA, Lleida (Espanya) Tel\u00e8fon: 973 71 28 55 E-mail: proteccion@arcusin.com Registre Mercantil de Lleida, full 672, foli 67, tom 77, llibre 49, inscripci\u00f3 1a \u00a0 Drets de Propietat Intel\u00b7lectual i Industrial El lloc web, incloent \u2014a t\u00edtol enunciatiu per\u00f2 no limitatiu\u2014 la programaci\u00f3, edici\u00f3, compilaci\u00f3 i altres elements necessaris per al seu funcionament, aix\u00ed com els dissenys, logotips, textos i\/o gr\u00e0fics, s\u00f3n propietat del RESPONSABLE o, si escau, disposa de llic\u00e8ncia o autoritzaci\u00f3 expressa per part dels autors. Tots els continguts del lloc web estan protegits per la normativa de propietat intel\u00b7lectual i industrial i inscrits als registres p\u00fablics corresponents. Independentment de la finalitat per a la qual fossin destinats, la reproducci\u00f3 total o parcial, \u00fas, explotaci\u00f3, distribuci\u00f3 i comercialitzaci\u00f3 requereix en tot cas l\u2019autoritzaci\u00f3 pr\u00e8via i per escrit del RESPONSABLE. Els dissenys, logotips, textos i\/o gr\u00e0fics aliens al RESPONSABLE que puguin apar\u00e8ixer al lloc web pertanyen als seus respectius propietaris. El RESPONSABLE autoritza expressament que tercers puguin redirigir directament als continguts concrets del lloc web o al domini principal. Per fer qualsevol observaci\u00f3 sobre possibles incompliments dels drets de propietat intel\u00b7lectual o industrial, podeu escriure a proteccion@www.arcusin.com. \u00a0 Exempci\u00f3 de Responsabilitats El RESPONSABLE s\u2019eximeix de qualsevol responsabilitat derivada de la informaci\u00f3 publicada al seu lloc web sempre que no tingui coneixement efectiu que aquesta informaci\u00f3 hagi estat manipulada per tercers. Si en t\u00e9 coneixement, actuar\u00e0 amb dilig\u00e8ncia per retirar les dades o impedir-ne l\u2019acc\u00e9s. \u00das de cookies Aquest lloc web pot utilitzar cookies t\u00e8cniques per garantir el correcte funcionament de la p\u00e0gina. Aquestes cookies s\u00f3n temporals i no proporcionen dades personals per si mateixes. Aquest lloc no instal\u00b7lar\u00e0 cookies prescindibles sense el consentiment previ de l\u2019usuari. L\u2019usuari pot configurar el navegador per ser avisat de la recepci\u00f3 de cookies i impedir-ne la instal\u00b7laci\u00f3. \u00a0 Pol\u00edtica d\u2019Enlla\u00e7os ARCUSIN no assumeix responsabilitat pels continguts de tercers que es puguin redirigir des del lloc web. Retirar\u00e0 immediatament qualsevol enlla\u00e7 que contravingui la legislaci\u00f3 vigent. Hipervincles Els qui vulguin establir un enlla\u00e7 amb aquest lloc web hauran de respectar les condicions seg\u00fcents: Nom\u00e9s es poden establir enlla\u00e7os a la p\u00e0gina principal, llevat d\u2019autoritzaci\u00f3 expressa. No es poden reproduir serveis o continguts del lloc web. No es poden fer declaracions falses sobre ARCUSIN ni els seus serveis. La p\u00e0gina d\u2019origen no pot incloure marques o signes distintius d\u2019ARCUSIN sense autoritzaci\u00f3. ARCUSIN no \u00e9s responsable de la informaci\u00f3 publicada en plataformes externes com f\u00f2rums, blogs o xarxes socials. \u00a0 Adreces IP Els servidors poden detectar autom\u00e0ticament l\u2019adre\u00e7a IP i el nom de domini de l\u2019usuari per a finalitats estad\u00edstiques. \u00a0 Llei Aplicable i Jurisdicci\u00f3 Per resoldre qualsevol controv\u00e8rsia relacionada amb aquest lloc web, s\u2019aplica la legislaci\u00f3 espanyola, i les parts se sotmeten expressament als Jutjats i Tribunals de Lleida (Espanya).<\/p>\n","protected":false},"author":159,"featured_media":0,"parent":0,"menu_order":0,"comment_status":"closed","ping_status":"closed","template":"elementor_header_footer","meta":{"content-type":"","footnotes":""},"class_list":["post-75348","page","type-page","status-publish","hentry"],"_links":{"self":[{"href":"https:\/\/arcusin.isocialdev.com\/ca\/wp-json\/wp\/v2\/pages\/75348","targetHints":{"allow":["GET"]}}],"collection":[{"href":"https:\/\/arcusin.isocialdev.com\/ca\/wp-json\/wp\/v2\/pages"}],"about":[{"href":"https:\/\/arcusin.isocialdev.com\/ca\/wp-json\/wp\/v2\/types\/page"}],"author":[{"embeddable":true,"href":"https:\/\/arcusin.isocialdev.com\/ca\/wp-json\/wp\/v2\/users\/159"}],"replies":[{"embeddable":true,"href":"https:\/\/arcusin.isocialdev.com\/ca\/wp-json\/wp\/v2\/comments?post=75348"}],"version-history":[{"count":3,"href":"https:\/\/arcusin.isocialdev.com\/ca\/wp-json\/wp\/v2\/pages\/75348\/revisions"}],"predecessor-version":[{"id":75351,"href":"https:\/\/arcusin.isocialdev.com\/ca\/wp-json\/wp\/v2\/pages\/75348\/revisions\/75351"}],"wp:attachment":[{"href":"https:\/\/arcusin.isocialdev.com\/ca\/wp-json\/wp\/v2\/media?parent=75348"}],"curies":[{"name":"wp","href":"https:\/\/api.w.org\/{rel}","templated":true}]}}